{"id":62714,"date":"2026-03-11T13:20:31","date_gmt":"2026-03-11T10:20:31","guid":{"rendered":"https:\/\/kurumsalhediyeci.com\/?post_type=product&#038;p=62714"},"modified":"2026-03-18T08:52:02","modified_gmt":"2026-03-18T05:52:02","slug":"elsanat-mini-ahsap-satranc-takimi","status":"publish","type":"product","link":"https:\/\/kurumsalhediyeci.com\/en\/elsanat-mini-ahsap-satranc-takimi\/","title":{"rendered":"Elsanat Mini Ah\u015fap Satran\u00e7 Tak\u0131m\u0131"},"content":{"rendered":"<p>Elsanat Mini Ah\u015fap Satran\u00e7 Tak\u0131m\u0131<br \/>\n-19x19cm boyutundad\u0131r.<br \/>\n-Katlanabilir.<br \/>\n-Kutu \u00fczerine logo bask\u0131s\u0131 yap\u0131labilir.<\/p>\n","protected":false},"excerpt":{"rendered":"<p>19x19cm, katlanabilir, ah\u015fap \u00fcr\u00fcnd\u00fcr.<\/p>\n","protected":false},"featured_media":62715,"comment_status":"open","ping_status":"closed","template":"","meta":[],"product_brand":[7954],"product_cat":[7919],"product_tag":[],"class_list":{"0":"post-62714","1":"product","2":"type-product","3":"status-publish","4":"has-post-thumbnail","6":"product_brand-elsanat","7":"product_cat-oyunlar","9":"first","10":"instock","11":"taxable","12":"shipping-taxable","13":"purchasable","14":"product-type-simple"},"_links":{"self":[{"href":"https:\/\/kurumsalhediyeci.com\/en\/wp-json\/wp\/v2\/product\/62714","targetHints":{"allow":["GET"]}}],"collection":[{"href":"https:\/\/kurumsalhediyeci.com\/en\/wp-json\/wp\/v2\/product"}],"about":[{"href":"https:\/\/kurumsalhediyeci.com\/en\/wp-json\/wp\/v2\/types\/product"}],"replies":[{"embeddable":true,"href":"https:\/\/kurumsalhediyeci.com\/en\/wp-json\/wp\/v2\/comments?post=62714"}],"wp:featuredmedia":[{"embeddable":true,"href":"https:\/\/kurumsalhediyeci.com\/en\/wp-json\/wp\/v2\/media\/62715"}],"wp:attachment":[{"href":"https:\/\/kurumsalhediyeci.com\/en\/wp-json\/wp\/v2\/media?parent=62714"}],"wp:term":[{"taxonomy":"product_brand","embeddable":true,"href":"https:\/\/kurumsalhediyeci.com\/en\/wp-json\/wp\/v2\/product_brand?post=62714"},{"taxonomy":"product_cat","embeddable":true,"href":"https:\/\/kurumsalhediyeci.com\/en\/wp-json\/wp\/v2\/product_cat?post=62714"},{"taxonomy":"product_tag","embeddable":true,"href":"https:\/\/kurumsalhediyeci.com\/en\/wp-json\/wp\/v2\/product_tag?post=62714"}],"curies":[{"name":"wp","href":"https:\/\/api.w.org\/{rel}","templated":true}]}}