{"id":54410,"date":"2024-11-27T18:51:17","date_gmt":"2024-11-27T15:51:17","guid":{"rendered":"https:\/\/kurumsalhediyeci.com\/elsanat-turkish-coffee-grinder-single-set\/"},"modified":"2026-03-18T08:52:18","modified_gmt":"2026-03-18T05:52:18","slug":"elsanat-turk-kahvesi-degirmenli-single-set","status":"publish","type":"product","link":"https:\/\/kurumsalhediyeci.com\/en\/elsanat-turk-kahvesi-degirmenli-single-set\/","title":{"rendered":"Elsanat T\u00fcrk Kahvesi De\u011firmenli Single Set"},"content":{"rendered":"<p>Elsanat T\u00fcrk Kahvesi De\u011firmenli Single Set<\/p>\n","protected":false},"excerpt":{"rendered":"<p>Elsanat T\u00fcrk Kahvesi De\u011firmenli Single Set<\/p>\n","protected":false},"featured_media":54457,"comment_status":"open","ping_status":"closed","template":"","meta":[],"product_brand":[],"product_cat":[7927],"product_tag":[],"class_list":{"0":"post-54410","1":"product","2":"type-product","3":"status-publish","4":"has-post-thumbnail","6":"product_cat-coffee-kits-and-sets-for-business-gifts","8":"first","9":"instock","10":"taxable","11":"shipping-taxable","12":"purchasable","13":"product-type-simple"},"_links":{"self":[{"href":"https:\/\/kurumsalhediyeci.com\/en\/wp-json\/wp\/v2\/product\/54410","targetHints":{"allow":["GET"]}}],"collection":[{"href":"https:\/\/kurumsalhediyeci.com\/en\/wp-json\/wp\/v2\/product"}],"about":[{"href":"https:\/\/kurumsalhediyeci.com\/en\/wp-json\/wp\/v2\/types\/product"}],"replies":[{"embeddable":true,"href":"https:\/\/kurumsalhediyeci.com\/en\/wp-json\/wp\/v2\/comments?post=54410"}],"wp:featuredmedia":[{"embeddable":true,"href":"https:\/\/kurumsalhediyeci.com\/en\/wp-json\/wp\/v2\/media\/54457"}],"wp:attachment":[{"href":"https:\/\/kurumsalhediyeci.com\/en\/wp-json\/wp\/v2\/media?parent=54410"}],"wp:term":[{"taxonomy":"product_brand","embeddable":true,"href":"https:\/\/kurumsalhediyeci.com\/en\/wp-json\/wp\/v2\/product_brand?post=54410"},{"taxonomy":"product_cat","embeddable":true,"href":"https:\/\/kurumsalhediyeci.com\/en\/wp-json\/wp\/v2\/product_cat?post=54410"},{"taxonomy":"product_tag","embeddable":true,"href":"https:\/\/kurumsalhediyeci.com\/en\/wp-json\/wp\/v2\/product_tag?post=54410"}],"curies":[{"name":"wp","href":"https:\/\/api.w.org\/{rel}","templated":true}]}}