{"id":54236,"date":"2023-05-16T18:47:50","date_gmt":"2023-05-16T15:47:50","guid":{"rendered":"https:\/\/kurumsalhediyeci.com\/elsanat-ortakoy-tiryaki-kahve-kiti\/"},"modified":"2026-03-18T08:59:56","modified_gmt":"2026-03-18T05:59:56","slug":"elsanat-ortakoy-tiryaki-kahve-kiti","status":"publish","type":"product","link":"https:\/\/kurumsalhediyeci.com\/en\/elsanat-ortakoy-tiryaki-kahve-kiti\/","title":{"rendered":"Elsanat Ortak\u00f6y Tiryaki Kahve Kiti"},"content":{"rendered":"<p><strong>\u00dcr\u00fcn Tan\u0131t\u0131m\u0131:<\/strong><\/p>\n<p>Cam berrakl\u0131\u011f\u0131 ile porselen safl\u0131\u011f\u0131n\u0131n kusursuz uyumu\u2026Ho\u015f kahve sohbetlerinin vazge\u00e7ilmezi\u2026<\/p>\n<p>Dilerseniz \u00fcr\u00fcn ve kutu \u00fczerine logo yada \u015firketinize \u00f6zel bir tema bask\u0131s\u0131 uygulanabilir.<\/p>\n<p><strong>\u00dcr\u00fcn \u0130\u00e7eri\u011fi:<\/strong><\/p>\n<p>1 x Porselen Kahve Fincan\u0131\u00a0(Logo bask\u0131s\u0131 uygulanabilir.)<\/p>\n<p>1 x Porselen \u0130kram Taba\u011f\u0131\u00a0(Logo bask\u0131s\u0131 uygulanabilir.)<\/p>\n<p>1 x Cam Su Barda\u011f\u0131\u00a0(Logo bask\u0131s\u0131 uygulanabilir.)<\/p>\n<p>1 x 6gr Tek \u0130\u00e7imlik T\u00fcrk Kahvesi<\/p>\n<p>1 x \u0130\u00e7i S\u00fcngerli Hediyelik Mukavva Kutu (Logo bask\u0131s\u0131 uygulanabilir, 300 adet \u00fczeri sipari\u015flerde kutu rengi de\u011fi\u015febilir.)<\/p>\n<p><strong>Teknik \u00d6zellikler:<\/strong><\/p>\n<p>Porselen ve cam\u00a0\u00fczerindeki bask\u0131lar bula\u015f\u0131k makinesinde y\u0131kamaya uygun ve kalitelidir. Cam \u00fcr\u00fcnler 600\u00b0C, porselen ve seramik \u00fcr\u00fcnler 800\u00b0C de \u0131s\u0131l i\u015flemden\u00a0(f\u0131r\u0131nlama) ge\u00e7irilerek, bask\u0131n\u0131n kal\u0131c\u0131 olmas\u0131 sa\u011flanmaktad\u0131r.<\/p>\n<p><strong>Kutu \u00d6l\u00e7\u00fcleri:\u00a0<\/strong>260x250x80mm (yakla\u015f\u0131k \u00f6l\u00e7\u00fclerdir.)<\/p>\n","protected":false},"excerpt":{"rendered":"<p>\u00dcr\u00fcn Tan\u0131t\u0131m\u0131: Cam berrakl\u0131\u011f\u0131 ile porselen safl\u0131\u011f\u0131n\u0131n kusursuz uyumu\u2026Ho\u015f kahve sohbetlerinin vazge\u00e7ilmezi\u2026 Dilerseniz \u00fcr\u00fcn ve kutu \u00fczerine logo yada \u015firketinize \u00f6zel bir tema bask\u0131s\u0131 uygulanabilir. \u00dcr\u00fcn \u0130\u00e7eri\u011fi: 1 x Porselen Kahve Fincan\u0131\u00a0(Logo bask\u0131s\u0131 uygulanabilir.) 1 x Porselen \u0130kram Taba\u011f\u0131\u00a0(Logo bask\u0131s\u0131 uygulanabilir.) 1 x Cam Su Barda\u011f\u0131\u00a0(Logo bask\u0131s\u0131 uygulanabilir.) 1 x 6gr Tek \u0130\u00e7imlik T\u00fcrk Kahvesi<\/p>\n","protected":false},"featured_media":48548,"comment_status":"open","ping_status":"closed","template":"","meta":[],"product_brand":[],"product_cat":[7927],"product_tag":[],"class_list":{"0":"post-54236","1":"product","2":"type-product","3":"status-publish","4":"has-post-thumbnail","6":"product_cat-coffee-kits-and-sets-for-business-gifts","8":"first","9":"instock","10":"taxable","11":"shipping-taxable","12":"purchasable","13":"product-type-simple"},"_links":{"self":[{"href":"https:\/\/kurumsalhediyeci.com\/en\/wp-json\/wp\/v2\/product\/54236","targetHints":{"allow":["GET"]}}],"collection":[{"href":"https:\/\/kurumsalhediyeci.com\/en\/wp-json\/wp\/v2\/product"}],"about":[{"href":"https:\/\/kurumsalhediyeci.com\/en\/wp-json\/wp\/v2\/types\/product"}],"replies":[{"embeddable":true,"href":"https:\/\/kurumsalhediyeci.com\/en\/wp-json\/wp\/v2\/comments?post=54236"}],"wp:featuredmedia":[{"embeddable":true,"href":"https:\/\/kurumsalhediyeci.com\/en\/wp-json\/wp\/v2\/media\/48548"}],"wp:attachment":[{"href":"https:\/\/kurumsalhediyeci.com\/en\/wp-json\/wp\/v2\/media?parent=54236"}],"wp:term":[{"taxonomy":"product_brand","embeddable":true,"href":"https:\/\/kurumsalhediyeci.com\/en\/wp-json\/wp\/v2\/product_brand?post=54236"},{"taxonomy":"product_cat","embeddable":true,"href":"https:\/\/kurumsalhediyeci.com\/en\/wp-json\/wp\/v2\/product_cat?post=54236"},{"taxonomy":"product_tag","embeddable":true,"href":"https:\/\/kurumsalhediyeci.com\/en\/wp-json\/wp\/v2\/product_tag?post=54236"}],"curies":[{"name":"wp","href":"https:\/\/api.w.org\/{rel}","templated":true}]}}