{"id":54206,"date":"2023-05-16T18:48:55","date_gmt":"2023-05-16T15:48:55","guid":{"rendered":"https:\/\/kurumsalhediyeci.com\/elsanat-tek-kisilik-fincan-seti-turkuaz\/"},"modified":"2026-03-18T08:59:29","modified_gmt":"2026-03-18T05:59:29","slug":"elsanat-tek-kisilik-fincan-seti-turkuaz","status":"publish","type":"product","link":"https:\/\/kurumsalhediyeci.com\/en\/elsanat-tek-kisilik-fincan-seti-turkuaz\/","title":{"rendered":"Elsanat Tek Ki\u015filik Fincan Seti Turkuaz"},"content":{"rendered":"<p><strong>\u00dcr\u00fcn Tan\u0131t\u0131m\u0131<\/strong><\/p>\n<p>Hediyelik kutusunda tek ki\u015filik T\u00fcrk Kahvesi fincan seti<\/p>\n<p><strong>\u00dcr\u00fcn \u0130\u00e7eri\u011fi<\/strong><\/p>\n<p>1 x Porselen T\u00fcrk Kahvesi Fincan\u0131 (Logo bask\u0131s\u0131 uygulanabilir.)<\/p>\n<p>1 x Porselen T\u00fcrk Kahvesi Fincan Taba\u011f\u0131 (Logo bask\u0131s\u0131 uygulanabilir.)<\/p>\n<p>1 x Tek \u0130\u00e7imlik T\u00fcrk Kahvesi<\/p>\n<p>1 x Hediyelik\u00a0Kadife\u00a0Kutu (Logo bask\u0131s\u0131 uygulanabilir, 300 adet \u00fczeri sipari\u015flerde kutu rengi de\u011fi\u015febilir.)<\/p>\n<p><strong>Teknik \u00d6zellikler<\/strong><\/p>\n<p>Porselen \u00fcr\u00fcnler 800\u00b0C de, cam \u00fcr\u00fcnler 600\u00b0C f\u0131r\u0131nlan\u0131r bu nedenle bask\u0131l\u0131 porselenler, bask\u0131l\u0131 camlara g\u00f6re \u00e7ok daha y\u00fcksek dayan\u0131ma sahiptir. Bask\u0131l\u0131 porselen \u00fcr\u00fcnler bula\u015f\u0131k makinesinde (3 y\u0131l) 1500-2000 civar\u0131nda y\u0131kamaya kadar kullan\u0131labilir ancak daha uzun s\u00fcreli kullan\u0131m ve bask\u0131 parlakl\u0131\u011f\u0131 i\u00e7in elde y\u0131kanmalar\u0131 tavsiye edilir. Bask\u0131l\u0131 cam \u00fcr\u00fcnler ise maalesef bask\u0131l\u0131 porselenler kadar dayan\u0131kl\u0131 de\u011fildir, bula\u015f\u0131k makinesinde y\u0131kand\u0131\u011f\u0131nda bask\u0131larda solma, \u00e7izilme ve \u00e7\u0131kma g\u00f6r\u00fclebilir, bu y\u00fczden cam \u00fcr\u00fcnlerin kesinlikle elde y\u0131kanmas\u0131 gereklidir. Cam ve porselen \u00fczerindeki bask\u0131lar herhangi bir metal yada sert bir cisimle kaz\u0131nd\u0131\u011f\u0131nda \u00e7\u0131kmaz.<\/p>\n<p>Kutu i\u00e7erisinde yer alan s\u00fcnger \u00fcr\u00fcnlerin ta\u015f\u0131nmas\u0131 s\u0131ras\u0131nda darbelere kar\u015f\u0131 dayan\u0131kl\u0131 olmas\u0131n\u0131 sa\u011flar ve \u015f\u0131k bir g\u00f6r\u00fcn\u00fcm kazand\u0131r\u0131r.<\/p>\n<p><strong>Kutu \u00d6l\u00e7\u00fcleri<\/strong><\/p>\n<p>16x16x8cm (yakla\u015f\u0131k \u00f6l\u00e7\u00fclerdir.)<\/p>\n","protected":false},"excerpt":{"rendered":"<p>\u00dcr\u00fcn Tan\u0131t\u0131m\u0131 Hediyelik kutusunda tek ki\u015filik T\u00fcrk Kahvesi fincan seti \u00dcr\u00fcn \u0130\u00e7eri\u011fi 1 x Porselen T\u00fcrk Kahvesi Fincan\u0131 (Logo bask\u0131s\u0131 uygulanabilir.) 1 x Porselen T\u00fcrk Kahvesi Fincan Taba\u011f\u0131 (Logo bask\u0131s\u0131 uygulanabilir.) 1 x Tek \u0130\u00e7imlik T\u00fcrk Kahvesi 1 x Hediyelik\u00a0Kadife\u00a0Kutu (Logo bask\u0131s\u0131 uygulanabilir, 300 adet \u00fczeri sipari\u015flerde kutu rengi de\u011fi\u015febilir.) Teknik \u00d6zellikler Porselen \u00fcr\u00fcnler 800\u00b0C<\/p>\n","protected":false},"featured_media":48742,"comment_status":"open","ping_status":"closed","template":"","meta":[],"product_brand":[],"product_cat":[7927],"product_tag":[],"class_list":{"0":"post-54206","1":"product","2":"type-product","3":"status-publish","4":"has-post-thumbnail","6":"product_cat-coffee-kits-and-sets-for-business-gifts","8":"first","9":"instock","10":"taxable","11":"shipping-taxable","12":"purchasable","13":"product-type-simple"},"_links":{"self":[{"href":"https:\/\/kurumsalhediyeci.com\/en\/wp-json\/wp\/v2\/product\/54206","targetHints":{"allow":["GET"]}}],"collection":[{"href":"https:\/\/kurumsalhediyeci.com\/en\/wp-json\/wp\/v2\/product"}],"about":[{"href":"https:\/\/kurumsalhediyeci.com\/en\/wp-json\/wp\/v2\/types\/product"}],"replies":[{"embeddable":true,"href":"https:\/\/kurumsalhediyeci.com\/en\/wp-json\/wp\/v2\/comments?post=54206"}],"wp:featuredmedia":[{"embeddable":true,"href":"https:\/\/kurumsalhediyeci.com\/en\/wp-json\/wp\/v2\/media\/48742"}],"wp:attachment":[{"href":"https:\/\/kurumsalhediyeci.com\/en\/wp-json\/wp\/v2\/media?parent=54206"}],"wp:term":[{"taxonomy":"product_brand","embeddable":true,"href":"https:\/\/kurumsalhediyeci.com\/en\/wp-json\/wp\/v2\/product_brand?post=54206"},{"taxonomy":"product_cat","embeddable":true,"href":"https:\/\/kurumsalhediyeci.com\/en\/wp-json\/wp\/v2\/product_cat?post=54206"},{"taxonomy":"product_tag","embeddable":true,"href":"https:\/\/kurumsalhediyeci.com\/en\/wp-json\/wp\/v2\/product_tag?post=54206"}],"curies":[{"name":"wp","href":"https:\/\/api.w.org\/{rel}","templated":true}]}}