{"id":54123,"date":"2023-05-16T18:51:29","date_gmt":"2023-05-16T15:51:29","guid":{"rendered":"https:\/\/kurumsalhediyeci.com\/elsanat-ikon-istanbul-tek-kisilik-kahve-keyif-seti\/"},"modified":"2026-03-18T08:58:23","modified_gmt":"2026-03-18T05:58:23","slug":"elsanat-ikon-istanbul-tek-kisilik-kahve-keyif-seti","status":"publish","type":"product","link":"https:\/\/kurumsalhediyeci.com\/en\/elsanat-ikon-istanbul-tek-kisilik-kahve-keyif-seti\/","title":{"rendered":"Elsanat \u0130kon \u0130stanbul Tek Ki\u015filik Kahve Keyif Seti"},"content":{"rendered":"<p>Elsanat \u0130kon \u0130stanbul Tek Ki\u015filik Kahve Keyif Seti<\/p>\n","protected":false},"excerpt":{"rendered":"<p>Elsanat \u0130kon \u0130stanbul Tek Ki\u015filik Kahve Keyif Seti<\/p>\n","protected":false},"featured_media":49375,"comment_status":"open","ping_status":"closed","template":"","meta":[],"product_brand":[],"product_cat":[7927],"product_tag":[],"class_list":{"0":"post-54123","1":"product","2":"type-product","3":"status-publish","4":"has-post-thumbnail","6":"product_cat-coffee-kits-and-sets-for-business-gifts","8":"first","9":"instock","10":"taxable","11":"shipping-taxable","12":"purchasable","13":"product-type-simple"},"_links":{"self":[{"href":"https:\/\/kurumsalhediyeci.com\/en\/wp-json\/wp\/v2\/product\/54123","targetHints":{"allow":["GET"]}}],"collection":[{"href":"https:\/\/kurumsalhediyeci.com\/en\/wp-json\/wp\/v2\/product"}],"about":[{"href":"https:\/\/kurumsalhediyeci.com\/en\/wp-json\/wp\/v2\/types\/product"}],"replies":[{"embeddable":true,"href":"https:\/\/kurumsalhediyeci.com\/en\/wp-json\/wp\/v2\/comments?post=54123"}],"wp:featuredmedia":[{"embeddable":true,"href":"https:\/\/kurumsalhediyeci.com\/en\/wp-json\/wp\/v2\/media\/49375"}],"wp:attachment":[{"href":"https:\/\/kurumsalhediyeci.com\/en\/wp-json\/wp\/v2\/media?parent=54123"}],"wp:term":[{"taxonomy":"product_brand","embeddable":true,"href":"https:\/\/kurumsalhediyeci.com\/en\/wp-json\/wp\/v2\/product_brand?post=54123"},{"taxonomy":"product_cat","embeddable":true,"href":"https:\/\/kurumsalhediyeci.com\/en\/wp-json\/wp\/v2\/product_cat?post=54123"},{"taxonomy":"product_tag","embeddable":true,"href":"https:\/\/kurumsalhediyeci.com\/en\/wp-json\/wp\/v2\/product_tag?post=54123"}],"curies":[{"name":"wp","href":"https:\/\/api.w.org\/{rel}","templated":true}]}}