{"id":54067,"date":"2023-05-16T18:53:19","date_gmt":"2023-05-16T15:53:19","guid":{"rendered":"https:\/\/kurumsalhediyeci.com\/elsanat-selcuklu-yildizi-porselen-lokumluk\/"},"modified":"2026-03-18T08:57:42","modified_gmt":"2026-03-18T05:57:42","slug":"elsanat-selcuklu-yildizi-porselen-lokumluk","status":"publish","type":"product","link":"https:\/\/kurumsalhediyeci.com\/en\/elsanat-selcuklu-yildizi-porselen-lokumluk\/","title":{"rendered":"Elsanat Sel\u00e7uklu Y\u0131ld\u0131z\u0131 Porselen Lokumluk"},"content":{"rendered":"<p>Elsanat Sel\u00e7uklu Y\u0131ld\u0131z\u0131 Porselen Lokumluk<\/p>\n","protected":false},"excerpt":{"rendered":"<p>Elsanat Sel\u00e7uklu Y\u0131ld\u0131z\u0131 Porselen Lokumluk<\/p>\n","protected":false},"featured_media":49767,"comment_status":"open","ping_status":"closed","template":"","meta":[],"product_brand":[],"product_cat":[7937],"product_tag":[],"class_list":{"0":"post-54067","1":"product","2":"type-product","3":"status-publish","4":"has-post-thumbnail","6":"product_cat-turkish-delight-candy-holders","8":"first","9":"onbackorder","10":"taxable","11":"shipping-taxable","12":"purchasable","13":"product-type-simple"},"_links":{"self":[{"href":"https:\/\/kurumsalhediyeci.com\/en\/wp-json\/wp\/v2\/product\/54067","targetHints":{"allow":["GET"]}}],"collection":[{"href":"https:\/\/kurumsalhediyeci.com\/en\/wp-json\/wp\/v2\/product"}],"about":[{"href":"https:\/\/kurumsalhediyeci.com\/en\/wp-json\/wp\/v2\/types\/product"}],"replies":[{"embeddable":true,"href":"https:\/\/kurumsalhediyeci.com\/en\/wp-json\/wp\/v2\/comments?post=54067"}],"wp:featuredmedia":[{"embeddable":true,"href":"https:\/\/kurumsalhediyeci.com\/en\/wp-json\/wp\/v2\/media\/49767"}],"wp:attachment":[{"href":"https:\/\/kurumsalhediyeci.com\/en\/wp-json\/wp\/v2\/media?parent=54067"}],"wp:term":[{"taxonomy":"product_brand","embeddable":true,"href":"https:\/\/kurumsalhediyeci.com\/en\/wp-json\/wp\/v2\/product_brand?post=54067"},{"taxonomy":"product_cat","embeddable":true,"href":"https:\/\/kurumsalhediyeci.com\/en\/wp-json\/wp\/v2\/product_cat?post=54067"},{"taxonomy":"product_tag","embeddable":true,"href":"https:\/\/kurumsalhediyeci.com\/en\/wp-json\/wp\/v2\/product_tag?post=54067"}],"curies":[{"name":"wp","href":"https:\/\/api.w.org\/{rel}","templated":true}]}}