{"id":54050,"date":"2023-05-16T18:53:51","date_gmt":"2023-05-16T15:53:51","guid":{"rendered":"https:\/\/kurumsalhediyeci.com\/elsanat-ehli-keyf-selcuklu-yildizi-cay-takimi\/"},"modified":"2026-03-18T08:57:37","modified_gmt":"2026-03-18T05:57:37","slug":"elsanat-ehli-keyf-selcuklu-yildizi-cay-takimi","status":"publish","type":"product","link":"https:\/\/kurumsalhediyeci.com\/en\/elsanat-ehli-keyf-selcuklu-yildizi-cay-takimi\/","title":{"rendered":"Elsanat Ehl-i Keyf Sel\u00e7uklu Y\u0131ld\u0131z\u0131 \u00c7ay Tak\u0131m\u0131"},"content":{"rendered":"<p>Elsanat Ehl-i Keyf Sel\u00e7uklu Y\u0131ld\u0131z\u0131 \u00c7ay Tak\u0131m\u0131<\/p>\n","protected":false},"excerpt":{"rendered":"<p>Elsanat Ehl-i Keyf Sel\u00e7uklu Y\u0131ld\u0131z\u0131 \u00c7ay Tak\u0131m\u0131<\/p>\n","protected":false},"featured_media":49850,"comment_status":"open","ping_status":"closed","template":"","meta":[],"product_brand":[],"product_cat":[7925],"product_tag":[],"class_list":{"0":"post-54050","1":"product","2":"type-product","3":"status-publish","4":"has-post-thumbnail","6":"product_cat-turkish-tea-sets-and-kits","8":"first","9":"instock","10":"taxable","11":"shipping-taxable","12":"purchasable","13":"product-type-simple"},"_links":{"self":[{"href":"https:\/\/kurumsalhediyeci.com\/en\/wp-json\/wp\/v2\/product\/54050","targetHints":{"allow":["GET"]}}],"collection":[{"href":"https:\/\/kurumsalhediyeci.com\/en\/wp-json\/wp\/v2\/product"}],"about":[{"href":"https:\/\/kurumsalhediyeci.com\/en\/wp-json\/wp\/v2\/types\/product"}],"replies":[{"embeddable":true,"href":"https:\/\/kurumsalhediyeci.com\/en\/wp-json\/wp\/v2\/comments?post=54050"}],"wp:featuredmedia":[{"embeddable":true,"href":"https:\/\/kurumsalhediyeci.com\/en\/wp-json\/wp\/v2\/media\/49850"}],"wp:attachment":[{"href":"https:\/\/kurumsalhediyeci.com\/en\/wp-json\/wp\/v2\/media?parent=54050"}],"wp:term":[{"taxonomy":"product_brand","embeddable":true,"href":"https:\/\/kurumsalhediyeci.com\/en\/wp-json\/wp\/v2\/product_brand?post=54050"},{"taxonomy":"product_cat","embeddable":true,"href":"https:\/\/kurumsalhediyeci.com\/en\/wp-json\/wp\/v2\/product_cat?post=54050"},{"taxonomy":"product_tag","embeddable":true,"href":"https:\/\/kurumsalhediyeci.com\/en\/wp-json\/wp\/v2\/product_tag?post=54050"}],"curies":[{"name":"wp","href":"https:\/\/api.w.org\/{rel}","templated":true}]}}