{"id":54029,"date":"2023-05-16T18:54:24","date_gmt":"2023-05-16T15:54:24","guid":{"rendered":"https:\/\/kurumsalhediyeci.com\/elsanat-rumis-kapakli-cam-sekerlik-lokumluk\/"},"modified":"2026-03-18T08:57:05","modified_gmt":"2026-03-18T05:57:05","slug":"elsanat-rumis-kapakli-cam-sekerlik-lokumluk","status":"publish","type":"product","link":"https:\/\/kurumsalhediyeci.com\/en\/elsanat-rumis-kapakli-cam-sekerlik-lokumluk\/","title":{"rendered":"Elsanat Rumi-S Kapakl\u0131 Cam \u015eekerlik Lokumluk"},"content":{"rendered":"<p>Elsanat Rumi-S Kapakl\u0131 Cam \u015eekerlik Lokumluk<\/p>\n","protected":false},"excerpt":{"rendered":"<p>Elsanat Rumi-S Kapakl\u0131 Cam \u015eekerlik Lokumluk<\/p>\n","protected":false},"featured_media":49963,"comment_status":"open","ping_status":"closed","template":"","meta":[],"product_brand":[],"product_cat":[7937],"product_tag":[],"class_list":{"0":"post-54029","1":"product","2":"type-product","3":"status-publish","4":"has-post-thumbnail","6":"product_cat-turkish-delight-candy-holders","8":"first","9":"instock","10":"taxable","11":"shipping-taxable","12":"purchasable","13":"product-type-simple"},"_links":{"self":[{"href":"https:\/\/kurumsalhediyeci.com\/en\/wp-json\/wp\/v2\/product\/54029","targetHints":{"allow":["GET"]}}],"collection":[{"href":"https:\/\/kurumsalhediyeci.com\/en\/wp-json\/wp\/v2\/product"}],"about":[{"href":"https:\/\/kurumsalhediyeci.com\/en\/wp-json\/wp\/v2\/types\/product"}],"replies":[{"embeddable":true,"href":"https:\/\/kurumsalhediyeci.com\/en\/wp-json\/wp\/v2\/comments?post=54029"}],"wp:featuredmedia":[{"embeddable":true,"href":"https:\/\/kurumsalhediyeci.com\/en\/wp-json\/wp\/v2\/media\/49963"}],"wp:attachment":[{"href":"https:\/\/kurumsalhediyeci.com\/en\/wp-json\/wp\/v2\/media?parent=54029"}],"wp:term":[{"taxonomy":"product_brand","embeddable":true,"href":"https:\/\/kurumsalhediyeci.com\/en\/wp-json\/wp\/v2\/product_brand?post=54029"},{"taxonomy":"product_cat","embeddable":true,"href":"https:\/\/kurumsalhediyeci.com\/en\/wp-json\/wp\/v2\/product_cat?post=54029"},{"taxonomy":"product_tag","embeddable":true,"href":"https:\/\/kurumsalhediyeci.com\/en\/wp-json\/wp\/v2\/product_tag?post=54029"}],"curies":[{"name":"wp","href":"https:\/\/api.w.org\/{rel}","templated":true}]}}