{"id":54013,"date":"2023-05-16T18:54:57","date_gmt":"2023-05-16T15:54:57","guid":{"rendered":"https:\/\/kurumsalhediyeci.com\/elsanat-geo-s2-raki-bardagi-seti\/"},"modified":"2026-03-18T08:56:40","modified_gmt":"2026-03-18T05:56:40","slug":"elsanat-geo-s2-raki-bardagi-seti","status":"publish","type":"product","link":"https:\/\/kurumsalhediyeci.com\/en\/elsanat-geo-s2-raki-bardagi-seti\/","title":{"rendered":"Elsanat Geo S2 Rak\u0131 Barda\u011f\u0131 Seti"},"content":{"rendered":"<p>Elsanat Geo S2 Rak\u0131 Barda\u011f\u0131 Seti<\/p>\n","protected":false},"excerpt":{"rendered":"<p>Elsanat Geo S2 Rak\u0131 Barda\u011f\u0131 Seti<\/p>\n","protected":false},"featured_media":50113,"comment_status":"open","ping_status":"closed","template":"","meta":[],"product_brand":[],"product_cat":[7932],"product_tag":[],"class_list":{"0":"post-54013","1":"product","2":"type-product","3":"status-publish","4":"has-post-thumbnail","6":"product_cat-beverage-sets-for-business-gifts","8":"first","9":"instock","10":"taxable","11":"shipping-taxable","12":"purchasable","13":"product-type-simple"},"_links":{"self":[{"href":"https:\/\/kurumsalhediyeci.com\/en\/wp-json\/wp\/v2\/product\/54013","targetHints":{"allow":["GET"]}}],"collection":[{"href":"https:\/\/kurumsalhediyeci.com\/en\/wp-json\/wp\/v2\/product"}],"about":[{"href":"https:\/\/kurumsalhediyeci.com\/en\/wp-json\/wp\/v2\/types\/product"}],"replies":[{"embeddable":true,"href":"https:\/\/kurumsalhediyeci.com\/en\/wp-json\/wp\/v2\/comments?post=54013"}],"wp:featuredmedia":[{"embeddable":true,"href":"https:\/\/kurumsalhediyeci.com\/en\/wp-json\/wp\/v2\/media\/50113"}],"wp:attachment":[{"href":"https:\/\/kurumsalhediyeci.com\/en\/wp-json\/wp\/v2\/media?parent=54013"}],"wp:term":[{"taxonomy":"product_brand","embeddable":true,"href":"https:\/\/kurumsalhediyeci.com\/en\/wp-json\/wp\/v2\/product_brand?post=54013"},{"taxonomy":"product_cat","embeddable":true,"href":"https:\/\/kurumsalhediyeci.com\/en\/wp-json\/wp\/v2\/product_cat?post=54013"},{"taxonomy":"product_tag","embeddable":true,"href":"https:\/\/kurumsalhediyeci.com\/en\/wp-json\/wp\/v2\/product_tag?post=54013"}],"curies":[{"name":"wp","href":"https:\/\/api.w.org\/{rel}","templated":true}]}}