{"id":54011,"date":"2023-05-16T18:55:02","date_gmt":"2023-05-16T15:55:02","guid":{"rendered":"https:\/\/kurumsalhediyeci.com\/elsanat-saray-basucu-surahi-seti\/"},"modified":"2026-03-18T08:56:39","modified_gmt":"2026-03-18T05:56:39","slug":"elsanat-saray-basucu-surahi-seti","status":"publish","type":"product","link":"https:\/\/kurumsalhediyeci.com\/en\/elsanat-saray-basucu-surahi-seti\/","title":{"rendered":"Elsanat Saray Ba\u015fucu S\u00fcrahi Seti"},"content":{"rendered":"<p>Elsanat Saray Ba\u015fucu S\u00fcrahi Seti<\/p>\n","protected":false},"excerpt":{"rendered":"<p>Elsanat Saray Ba\u015fucu S\u00fcrahi Seti<\/p>\n","protected":false},"featured_media":50139,"comment_status":"open","ping_status":"closed","template":"","meta":[],"product_brand":[],"product_cat":[7926],"product_tag":[],"class_list":{"0":"post-54011","1":"product","2":"type-product","3":"status-publish","4":"has-post-thumbnail","6":"product_cat-corpotate-gifts-bedside-jugs-bottles","8":"first","9":"instock","10":"taxable","11":"shipping-taxable","12":"purchasable","13":"product-type-simple"},"_links":{"self":[{"href":"https:\/\/kurumsalhediyeci.com\/en\/wp-json\/wp\/v2\/product\/54011","targetHints":{"allow":["GET"]}}],"collection":[{"href":"https:\/\/kurumsalhediyeci.com\/en\/wp-json\/wp\/v2\/product"}],"about":[{"href":"https:\/\/kurumsalhediyeci.com\/en\/wp-json\/wp\/v2\/types\/product"}],"replies":[{"embeddable":true,"href":"https:\/\/kurumsalhediyeci.com\/en\/wp-json\/wp\/v2\/comments?post=54011"}],"wp:featuredmedia":[{"embeddable":true,"href":"https:\/\/kurumsalhediyeci.com\/en\/wp-json\/wp\/v2\/media\/50139"}],"wp:attachment":[{"href":"https:\/\/kurumsalhediyeci.com\/en\/wp-json\/wp\/v2\/media?parent=54011"}],"wp:term":[{"taxonomy":"product_brand","embeddable":true,"href":"https:\/\/kurumsalhediyeci.com\/en\/wp-json\/wp\/v2\/product_brand?post=54011"},{"taxonomy":"product_cat","embeddable":true,"href":"https:\/\/kurumsalhediyeci.com\/en\/wp-json\/wp\/v2\/product_cat?post=54011"},{"taxonomy":"product_tag","embeddable":true,"href":"https:\/\/kurumsalhediyeci.com\/en\/wp-json\/wp\/v2\/product_tag?post=54011"}],"curies":[{"name":"wp","href":"https:\/\/api.w.org\/{rel}","templated":true}]}}