{"id":54010,"date":"2023-05-16T18:55:04","date_gmt":"2023-05-16T15:55:04","guid":{"rendered":"https:\/\/kurumsalhediyeci.com\/elsanat-istanbul-kazani-basucu-surahi-seti\/"},"modified":"2026-03-18T08:56:39","modified_gmt":"2026-03-18T05:56:39","slug":"elsanat-istanbul-kazani-basucu-surahi-seti","status":"publish","type":"product","link":"https:\/\/kurumsalhediyeci.com\/en\/elsanat-istanbul-kazani-basucu-surahi-seti\/","title":{"rendered":"Elsanat \u0130stanbul Kazan\u0131 Ba\u015fucu S\u00fcrahi Seti"},"content":{"rendered":"<p>Elsanat \u0130stanbul Kazan\u0131 Ba\u015fucu S\u00fcrahi Seti<\/p>\n<p>0,7 lt cam ba\u015fucu s\u00fcrahisi ve cam su barda\u011f\u0131 ve i\u00e7i s\u00fcngerli hediyelik mukavva kutudan olu\u015fan \u015f\u0131k set. \u00dcr\u00fcn ve kutu \u00fczerine iste\u011fe ba\u011fl\u0131 logo bask\u0131s\u0131 uygulanabilir.<\/p>\n","protected":false},"excerpt":{"rendered":"<p>Elsanat \u0130stanbul Kazan\u0131 Ba\u015fucu S\u00fcrahi Seti 0,7 lt cam ba\u015fucu s\u00fcrahisi ve cam su barda\u011f\u0131 ve i\u00e7i s\u00fcngerli hediyelik mukavva kutudan olu\u015fan \u015f\u0131k set. \u00dcr\u00fcn ve kutu \u00fczerine iste\u011fe ba\u011fl\u0131 logo bask\u0131s\u0131 uygulanabilir.<\/p>\n","protected":false},"featured_media":62665,"comment_status":"open","ping_status":"closed","template":"","meta":[],"product_brand":[],"product_cat":[7926],"product_tag":[],"class_list":{"0":"post-54010","1":"product","2":"type-product","3":"status-publish","4":"has-post-thumbnail","6":"product_cat-corpotate-gifts-bedside-jugs-bottles","8":"first","9":"instock","10":"taxable","11":"shipping-taxable","12":"purchasable","13":"product-type-simple"},"_links":{"self":[{"href":"https:\/\/kurumsalhediyeci.com\/en\/wp-json\/wp\/v2\/product\/54010","targetHints":{"allow":["GET"]}}],"collection":[{"href":"https:\/\/kurumsalhediyeci.com\/en\/wp-json\/wp\/v2\/product"}],"about":[{"href":"https:\/\/kurumsalhediyeci.com\/en\/wp-json\/wp\/v2\/types\/product"}],"replies":[{"embeddable":true,"href":"https:\/\/kurumsalhediyeci.com\/en\/wp-json\/wp\/v2\/comments?post=54010"}],"wp:featuredmedia":[{"embeddable":true,"href":"https:\/\/kurumsalhediyeci.com\/en\/wp-json\/wp\/v2\/media\/62665"}],"wp:attachment":[{"href":"https:\/\/kurumsalhediyeci.com\/en\/wp-json\/wp\/v2\/media?parent=54010"}],"wp:term":[{"taxonomy":"product_brand","embeddable":true,"href":"https:\/\/kurumsalhediyeci.com\/en\/wp-json\/wp\/v2\/product_brand?post=54010"},{"taxonomy":"product_cat","embeddable":true,"href":"https:\/\/kurumsalhediyeci.com\/en\/wp-json\/wp\/v2\/product_cat?post=54010"},{"taxonomy":"product_tag","embeddable":true,"href":"https:\/\/kurumsalhediyeci.com\/en\/wp-json\/wp\/v2\/product_tag?post=54010"}],"curies":[{"name":"wp","href":"https:\/\/api.w.org\/{rel}","templated":true}]}}