{"id":53990,"date":"2023-05-16T18:55:49","date_gmt":"2023-05-16T15:55:49","guid":{"rendered":"https:\/\/kurumsalhediyeci.com\/elsanat-seker-ve-kolonya-ikram-seti-istanbul-kazani-desenli\/"},"modified":"2026-03-18T08:56:20","modified_gmt":"2026-03-18T05:56:20","slug":"elsanat-seker-ve-kolonya-ikram-seti-istanbul-kazani-desenli","status":"publish","type":"product","link":"https:\/\/kurumsalhediyeci.com\/en\/elsanat-seker-ve-kolonya-ikram-seti-istanbul-kazani-desenli\/","title":{"rendered":"Elsanat \u015eeker ve Kolonya \u0130kram Seti \u0130stanbul Kazan\u0131 Desenli"},"content":{"rendered":"<p>Elsanat \u015eeker ve Kolonya \u0130kram Seti \u0130stanbul Kazan\u0131 Desenli<\/p>\n","protected":false},"excerpt":{"rendered":"<p>Elsanat \u015eeker ve Kolonya \u0130kram Seti \u0130stanbul Kazan\u0131 Desenli<\/p>\n","protected":false},"featured_media":50332,"comment_status":"open","ping_status":"closed","template":"","meta":[],"product_brand":[],"product_cat":[7905],"product_tag":[],"class_list":{"0":"post-53990","1":"product","2":"type-product","3":"status-publish","4":"has-post-thumbnail","6":"product_cat-catering-and-welcome-sets","8":"first","9":"instock","10":"taxable","11":"shipping-taxable","12":"purchasable","13":"product-type-simple"},"_links":{"self":[{"href":"https:\/\/kurumsalhediyeci.com\/en\/wp-json\/wp\/v2\/product\/53990","targetHints":{"allow":["GET"]}}],"collection":[{"href":"https:\/\/kurumsalhediyeci.com\/en\/wp-json\/wp\/v2\/product"}],"about":[{"href":"https:\/\/kurumsalhediyeci.com\/en\/wp-json\/wp\/v2\/types\/product"}],"replies":[{"embeddable":true,"href":"https:\/\/kurumsalhediyeci.com\/en\/wp-json\/wp\/v2\/comments?post=53990"}],"wp:featuredmedia":[{"embeddable":true,"href":"https:\/\/kurumsalhediyeci.com\/en\/wp-json\/wp\/v2\/media\/50332"}],"wp:attachment":[{"href":"https:\/\/kurumsalhediyeci.com\/en\/wp-json\/wp\/v2\/media?parent=53990"}],"wp:term":[{"taxonomy":"product_brand","embeddable":true,"href":"https:\/\/kurumsalhediyeci.com\/en\/wp-json\/wp\/v2\/product_brand?post=53990"},{"taxonomy":"product_cat","embeddable":true,"href":"https:\/\/kurumsalhediyeci.com\/en\/wp-json\/wp\/v2\/product_cat?post=53990"},{"taxonomy":"product_tag","embeddable":true,"href":"https:\/\/kurumsalhediyeci.com\/en\/wp-json\/wp\/v2\/product_tag?post=53990"}],"curies":[{"name":"wp","href":"https:\/\/api.w.org\/{rel}","templated":true}]}}