{"id":53974,"date":"2023-05-16T18:56:20","date_gmt":"2023-05-16T15:56:20","guid":{"rendered":"https:\/\/kurumsalhediyeci.com\/elsanat-selcuklu-yildizi-120ml-sizma-zeytinyagi\/"},"modified":"2026-03-18T08:55:54","modified_gmt":"2026-03-18T05:55:54","slug":"elsanat-selcuklu-yildizi-120ml-sizma-zeytinyagi","status":"publish","type":"product","link":"https:\/\/kurumsalhediyeci.com\/en\/elsanat-selcuklu-yildizi-120ml-sizma-zeytinyagi\/","title":{"rendered":"Elsanat Sel\u00e7uklu Y\u0131ld\u0131z\u0131 120ml S\u0131zma Zeytinya\u011f\u0131"},"content":{"rendered":"<p>Elsanat Sel\u00e7uklu Y\u0131ld\u0131z\u0131 120ml S\u0131zma Zeytinya\u011f\u0131<\/p>\n","protected":false},"excerpt":{"rendered":"<p>Elsanat Sel\u00e7uklu Y\u0131ld\u0131z\u0131 120ml S\u0131zma Zeytinya\u011f\u0131<\/p>\n","protected":false},"featured_media":50454,"comment_status":"open","ping_status":"closed","template":"","meta":[],"product_brand":[],"product_cat":[7930],"product_tag":[],"class_list":{"0":"post-53974","1":"product","2":"type-product","3":"status-publish","4":"has-post-thumbnail","6":"product_cat-olive-oils-for-corporate-gifts","8":"first","9":"instock","10":"taxable","11":"shipping-taxable","12":"purchasable","13":"product-type-simple"},"_links":{"self":[{"href":"https:\/\/kurumsalhediyeci.com\/en\/wp-json\/wp\/v2\/product\/53974","targetHints":{"allow":["GET"]}}],"collection":[{"href":"https:\/\/kurumsalhediyeci.com\/en\/wp-json\/wp\/v2\/product"}],"about":[{"href":"https:\/\/kurumsalhediyeci.com\/en\/wp-json\/wp\/v2\/types\/product"}],"replies":[{"embeddable":true,"href":"https:\/\/kurumsalhediyeci.com\/en\/wp-json\/wp\/v2\/comments?post=53974"}],"wp:featuredmedia":[{"embeddable":true,"href":"https:\/\/kurumsalhediyeci.com\/en\/wp-json\/wp\/v2\/media\/50454"}],"wp:attachment":[{"href":"https:\/\/kurumsalhediyeci.com\/en\/wp-json\/wp\/v2\/media?parent=53974"}],"wp:term":[{"taxonomy":"product_brand","embeddable":true,"href":"https:\/\/kurumsalhediyeci.com\/en\/wp-json\/wp\/v2\/product_brand?post=53974"},{"taxonomy":"product_cat","embeddable":true,"href":"https:\/\/kurumsalhediyeci.com\/en\/wp-json\/wp\/v2\/product_cat?post=53974"},{"taxonomy":"product_tag","embeddable":true,"href":"https:\/\/kurumsalhediyeci.com\/en\/wp-json\/wp\/v2\/product_tag?post=53974"}],"curies":[{"name":"wp","href":"https:\/\/api.w.org\/{rel}","templated":true}]}}