{"id":53972,"date":"2023-05-16T18:56:24","date_gmt":"2023-05-16T15:56:24","guid":{"rendered":"https:\/\/kurumsalhediyeci.com\/elsanat-kiz-kulesi-baskili-plaket-tabak-porselen\/"},"modified":"2026-03-18T08:55:52","modified_gmt":"2026-03-18T05:55:52","slug":"elsanat-kiz-kulesi-baskili-plaket-tabak-porselen","status":"publish","type":"product","link":"https:\/\/kurumsalhediyeci.com\/en\/elsanat-kiz-kulesi-baskili-plaket-tabak-porselen\/","title":{"rendered":"Elsanat K\u0131z Kulesi Bask\u0131l\u0131 Plaket Tabak Porselen"},"content":{"rendered":"<p>Elsanat K\u0131z Kulesi Bask\u0131l\u0131 Plaket Tabak Porselen<\/p>\n","protected":false},"excerpt":{"rendered":"<p>Elsanat K\u0131z Kulesi Bask\u0131l\u0131 Plaket Tabak Porselen<\/p>\n","protected":false},"featured_media":50482,"comment_status":"open","ping_status":"closed","template":"","meta":[],"product_brand":[],"product_cat":[7935],"product_tag":[],"class_list":{"0":"post-53972","1":"product","2":"type-product","3":"status-publish","4":"has-post-thumbnail","6":"product_cat-seniority-gifts-decorative-plates-plaques","8":"first","9":"onbackorder","10":"taxable","11":"shipping-taxable","12":"purchasable","13":"product-type-simple"},"_links":{"self":[{"href":"https:\/\/kurumsalhediyeci.com\/en\/wp-json\/wp\/v2\/product\/53972","targetHints":{"allow":["GET"]}}],"collection":[{"href":"https:\/\/kurumsalhediyeci.com\/en\/wp-json\/wp\/v2\/product"}],"about":[{"href":"https:\/\/kurumsalhediyeci.com\/en\/wp-json\/wp\/v2\/types\/product"}],"replies":[{"embeddable":true,"href":"https:\/\/kurumsalhediyeci.com\/en\/wp-json\/wp\/v2\/comments?post=53972"}],"wp:featuredmedia":[{"embeddable":true,"href":"https:\/\/kurumsalhediyeci.com\/en\/wp-json\/wp\/v2\/media\/50482"}],"wp:attachment":[{"href":"https:\/\/kurumsalhediyeci.com\/en\/wp-json\/wp\/v2\/media?parent=53972"}],"wp:term":[{"taxonomy":"product_brand","embeddable":true,"href":"https:\/\/kurumsalhediyeci.com\/en\/wp-json\/wp\/v2\/product_brand?post=53972"},{"taxonomy":"product_cat","embeddable":true,"href":"https:\/\/kurumsalhediyeci.com\/en\/wp-json\/wp\/v2\/product_cat?post=53972"},{"taxonomy":"product_tag","embeddable":true,"href":"https:\/\/kurumsalhediyeci.com\/en\/wp-json\/wp\/v2\/product_tag?post=53972"}],"curies":[{"name":"wp","href":"https:\/\/api.w.org\/{rel}","templated":true}]}}