{"id":53970,"date":"2023-05-16T18:56:29","date_gmt":"2023-05-16T15:56:29","guid":{"rendered":"https:\/\/kurumsalhediyeci.com\/elsanat-150gr-cifte-kavrulmus-leziz-lokum\/"},"modified":"2026-03-18T08:55:50","modified_gmt":"2026-03-18T05:55:50","slug":"elsanat-150gr-cifte-kavrulmus-leziz-lokum","status":"publish","type":"product","link":"https:\/\/kurumsalhediyeci.com\/en\/elsanat-150gr-cifte-kavrulmus-leziz-lokum\/","title":{"rendered":"Elsanat 150gr \u00c7ifte Kavrulmu\u015f Leziz Lokum"},"content":{"rendered":"<p>Elsanat 150gr \u00c7ifte Kavrulmu\u015f Leziz Lokum<\/p>\n","protected":false},"excerpt":{"rendered":"<p>Elsanat 150gr \u00c7ifte Kavrulmu\u015f Leziz Lokum<\/p>\n","protected":false},"featured_media":50506,"comment_status":"open","ping_status":"closed","template":"","meta":[],"product_brand":[],"product_cat":[7938],"product_tag":[],"class_list":{"0":"post-53970","1":"product","2":"type-product","3":"status-publish","4":"has-post-thumbnail","6":"product_cat-turkish-delight-chocolate-and-candies","8":"first","9":"onbackorder","10":"taxable","11":"shipping-taxable","12":"purchasable","13":"product-type-simple"},"_links":{"self":[{"href":"https:\/\/kurumsalhediyeci.com\/en\/wp-json\/wp\/v2\/product\/53970","targetHints":{"allow":["GET"]}}],"collection":[{"href":"https:\/\/kurumsalhediyeci.com\/en\/wp-json\/wp\/v2\/product"}],"about":[{"href":"https:\/\/kurumsalhediyeci.com\/en\/wp-json\/wp\/v2\/types\/product"}],"replies":[{"embeddable":true,"href":"https:\/\/kurumsalhediyeci.com\/en\/wp-json\/wp\/v2\/comments?post=53970"}],"wp:featuredmedia":[{"embeddable":true,"href":"https:\/\/kurumsalhediyeci.com\/en\/wp-json\/wp\/v2\/media\/50506"}],"wp:attachment":[{"href":"https:\/\/kurumsalhediyeci.com\/en\/wp-json\/wp\/v2\/media?parent=53970"}],"wp:term":[{"taxonomy":"product_brand","embeddable":true,"href":"https:\/\/kurumsalhediyeci.com\/en\/wp-json\/wp\/v2\/product_brand?post=53970"},{"taxonomy":"product_cat","embeddable":true,"href":"https:\/\/kurumsalhediyeci.com\/en\/wp-json\/wp\/v2\/product_cat?post=53970"},{"taxonomy":"product_tag","embeddable":true,"href":"https:\/\/kurumsalhediyeci.com\/en\/wp-json\/wp\/v2\/product_tag?post=53970"}],"curies":[{"name":"wp","href":"https:\/\/api.w.org\/{rel}","templated":true}]}}