{"id":53944,"date":"2023-05-16T18:57:36","date_gmt":"2023-05-16T15:57:36","guid":{"rendered":"https:\/\/kurumsalhediyeci.com\/elsanat-hurrem-ikili-fincan-seti\/"},"modified":"2026-03-18T08:55:38","modified_gmt":"2026-03-18T05:55:38","slug":"elsanat-hurrem-ikili-fincan-seti","status":"publish","type":"product","link":"https:\/\/kurumsalhediyeci.com\/en\/elsanat-hurrem-ikili-fincan-seti\/","title":{"rendered":"Elsanat H\u00fcrrem \u0130kili Fincan Seti"},"content":{"rendered":"<p>Elsanat H\u00fcrrem \u0130kili Fincan Seti<\/p>\n","protected":false},"excerpt":{"rendered":"<p>Elsanat H\u00fcrrem \u0130kili Fincan Seti<\/p>\n","protected":false},"featured_media":50754,"comment_status":"open","ping_status":"closed","template":"","meta":[],"product_brand":[],"product_cat":[7927],"product_tag":[],"class_list":{"0":"post-53944","1":"product","2":"type-product","3":"status-publish","4":"has-post-thumbnail","6":"product_cat-coffee-kits-and-sets-for-business-gifts","8":"first","9":"onbackorder","10":"taxable","11":"shipping-taxable","12":"purchasable","13":"product-type-simple"},"_links":{"self":[{"href":"https:\/\/kurumsalhediyeci.com\/en\/wp-json\/wp\/v2\/product\/53944","targetHints":{"allow":["GET"]}}],"collection":[{"href":"https:\/\/kurumsalhediyeci.com\/en\/wp-json\/wp\/v2\/product"}],"about":[{"href":"https:\/\/kurumsalhediyeci.com\/en\/wp-json\/wp\/v2\/types\/product"}],"replies":[{"embeddable":true,"href":"https:\/\/kurumsalhediyeci.com\/en\/wp-json\/wp\/v2\/comments?post=53944"}],"wp:featuredmedia":[{"embeddable":true,"href":"https:\/\/kurumsalhediyeci.com\/en\/wp-json\/wp\/v2\/media\/50754"}],"wp:attachment":[{"href":"https:\/\/kurumsalhediyeci.com\/en\/wp-json\/wp\/v2\/media?parent=53944"}],"wp:term":[{"taxonomy":"product_brand","embeddable":true,"href":"https:\/\/kurumsalhediyeci.com\/en\/wp-json\/wp\/v2\/product_brand?post=53944"},{"taxonomy":"product_cat","embeddable":true,"href":"https:\/\/kurumsalhediyeci.com\/en\/wp-json\/wp\/v2\/product_cat?post=53944"},{"taxonomy":"product_tag","embeddable":true,"href":"https:\/\/kurumsalhediyeci.com\/en\/wp-json\/wp\/v2\/product_tag?post=53944"}],"curies":[{"name":"wp","href":"https:\/\/api.w.org\/{rel}","templated":true}]}}