{"id":53924,"date":"2023-05-16T18:58:07","date_gmt":"2023-05-16T15:58:07","guid":{"rendered":"https:\/\/kurumsalhediyeci.com\/elsanat-logo-baskili-cezveli-kahve-ikram-seti\/"},"modified":"2026-03-18T08:55:23","modified_gmt":"2026-03-18T05:55:23","slug":"elsanat-logo-baskili-cezveli-kahve-ikram-seti","status":"publish","type":"product","link":"https:\/\/kurumsalhediyeci.com\/en\/elsanat-logo-baskili-cezveli-kahve-ikram-seti\/","title":{"rendered":"Elsanat Logo Bask\u0131l\u0131 Cezveli Kahve \u0130kram Seti"},"content":{"rendered":"<p>Elsanat Logo Bask\u0131l\u0131 Cezveli Kahve \u0130kram Seti<\/p>\n","protected":false},"excerpt":{"rendered":"<p>Elsanat Logo Bask\u0131l\u0131 Cezveli Kahve \u0130kram Seti<\/p>\n","protected":false},"featured_media":50864,"comment_status":"open","ping_status":"closed","template":"","meta":[],"product_brand":[],"product_cat":[7927],"product_tag":[],"class_list":{"0":"post-53924","1":"product","2":"type-product","3":"status-publish","4":"has-post-thumbnail","6":"product_cat-coffee-kits-and-sets-for-business-gifts","8":"first","9":"onbackorder","10":"taxable","11":"shipping-taxable","12":"purchasable","13":"product-type-simple"},"_links":{"self":[{"href":"https:\/\/kurumsalhediyeci.com\/en\/wp-json\/wp\/v2\/product\/53924","targetHints":{"allow":["GET"]}}],"collection":[{"href":"https:\/\/kurumsalhediyeci.com\/en\/wp-json\/wp\/v2\/product"}],"about":[{"href":"https:\/\/kurumsalhediyeci.com\/en\/wp-json\/wp\/v2\/types\/product"}],"replies":[{"embeddable":true,"href":"https:\/\/kurumsalhediyeci.com\/en\/wp-json\/wp\/v2\/comments?post=53924"}],"wp:featuredmedia":[{"embeddable":true,"href":"https:\/\/kurumsalhediyeci.com\/en\/wp-json\/wp\/v2\/media\/50864"}],"wp:attachment":[{"href":"https:\/\/kurumsalhediyeci.com\/en\/wp-json\/wp\/v2\/media?parent=53924"}],"wp:term":[{"taxonomy":"product_brand","embeddable":true,"href":"https:\/\/kurumsalhediyeci.com\/en\/wp-json\/wp\/v2\/product_brand?post=53924"},{"taxonomy":"product_cat","embeddable":true,"href":"https:\/\/kurumsalhediyeci.com\/en\/wp-json\/wp\/v2\/product_cat?post=53924"},{"taxonomy":"product_tag","embeddable":true,"href":"https:\/\/kurumsalhediyeci.com\/en\/wp-json\/wp\/v2\/product_tag?post=53924"}],"curies":[{"name":"wp","href":"https:\/\/api.w.org\/{rel}","templated":true}]}}