{"id":53921,"date":"2023-05-16T18:58:11","date_gmt":"2023-05-16T15:58:11","guid":{"rendered":"https:\/\/kurumsalhediyeci.com\/elsanat-bitki-caylari-hediye-seti\/"},"modified":"2026-03-18T08:55:12","modified_gmt":"2026-03-18T05:55:12","slug":"elsanat-bitki-caylari-hediye-seti","status":"publish","type":"product","link":"https:\/\/kurumsalhediyeci.com\/en\/elsanat-bitki-caylari-hediye-seti\/","title":{"rendered":"Elsanat Bitki \u00c7aylar\u0131 Hediye Seti"},"content":{"rendered":"<p>Elsanat Bitki \u00c7aylar\u0131 Hediye Seti, \u00f6zenle se\u00e7ilmi\u015f ve do\u011fal y\u00f6ntemlerle kurutulmu\u015f bitkilerden olu\u015fan \u00f6zel bir koleksiyondur. Bu hediye seti, \u00f6zellikle sa\u011fl\u0131kl\u0131 ya\u015fam\u0131 benimseyenler i\u00e7in m\u00fckemmel bir se\u00e7enek sunar. Bitki \u00e7aylar\u0131n\u0131n sa\u011fl\u0131\u011fa olan faydalar\u0131 saymakla bitmez; \u00f6rne\u011fin, papatya \u00e7ay\u0131 rahatlat\u0131c\u0131 \u00f6zellikleri ile bilinirken, zencefil \u00e7ay\u0131 ba\u011f\u0131\u015f\u0131kl\u0131k sistemini g\u00fc\u00e7lendirmeye yard\u0131mc\u0131 olmaktad\u0131r. Aromatik \u00e7aylar, hem s\u0131cak hem de so\u011fuk olarak t\u00fcketilebilir, bu da onlar\u0131 y\u0131l\u0131n her mevsiminde ideal bir i\u00e7ecek haline getirir. \u015e\u0131k t\u00fcpler i\u00e7inde sunulan bu bitki \u00e7aylar\u0131, sevdiklerinize sunabilece\u011finiz zarif ve anlaml\u0131 bir kurumsal hediye se\u00e7ene\u011fi olu\u015fturur. Kurumsal etkinliklerde, y\u0131l d\u00f6n\u00fcmlerinde veya \u00f6zel g\u00fcnlerde tercih edilen bu set, markan\u0131z\u0131n imaj\u0131n\u0131 g\u00fc\u00e7lendirirken ayn\u0131 zamanda sa\u011fl\u0131kl\u0131 ya\u015fam\u0131 te\u015fvik etmenin de bir yolunu sunar. El yap\u0131m\u0131 ve do\u011fal i\u00e7eriklerle dolu olan bu hediye seti, al\u0131c\u0131lar \u00fczerinde kal\u0131c\u0131 bir etki b\u0131rakmakta ve onlara unutulmaz bir deneyim sunmaktad\u0131r.<\/p>\n","protected":false},"excerpt":{"rendered":"<p>Elsanat Bitki \u00c7aylar\u0131 Hediye Seti, \u00f6zenle se\u00e7ilmi\u015f ve do\u011fal y\u00f6ntemlerle kurutulmu\u015f bitkilerden olu\u015fan \u00f6zel bir koleksiyondur. Bu hediye seti, \u00f6zellikle sa\u011fl\u0131kl\u0131 ya\u015fam\u0131 benimseyenler i\u00e7in m\u00fckemmel bir se\u00e7enek sunar. Bitki \u00e7aylar\u0131n\u0131n sa\u011fl\u0131\u011fa olan faydalar\u0131 saymakla bitmez; \u00f6rne\u011fin, papatya \u00e7ay\u0131 rahatlat\u0131c\u0131 \u00f6zellikleri ile bilinirken, zencefil \u00e7ay\u0131 ba\u011f\u0131\u015f\u0131kl\u0131k sistemini g\u00fc\u00e7lendirmeye yard\u0131mc\u0131 olmaktad\u0131r. Aromatik \u00e7aylar, hem s\u0131cak hem de<\/p>\n","protected":false},"featured_media":62699,"comment_status":"open","ping_status":"closed","template":"","meta":[],"product_brand":[],"product_cat":[7925],"product_tag":[],"class_list":{"0":"post-53921","1":"product","2":"type-product","3":"status-publish","4":"has-post-thumbnail","6":"product_cat-turkish-tea-sets-and-kits","8":"first","9":"instock","10":"taxable","11":"shipping-taxable","12":"purchasable","13":"product-type-simple"},"_links":{"self":[{"href":"https:\/\/kurumsalhediyeci.com\/en\/wp-json\/wp\/v2\/product\/53921","targetHints":{"allow":["GET"]}}],"collection":[{"href":"https:\/\/kurumsalhediyeci.com\/en\/wp-json\/wp\/v2\/product"}],"about":[{"href":"https:\/\/kurumsalhediyeci.com\/en\/wp-json\/wp\/v2\/types\/product"}],"replies":[{"embeddable":true,"href":"https:\/\/kurumsalhediyeci.com\/en\/wp-json\/wp\/v2\/comments?post=53921"}],"wp:featuredmedia":[{"embeddable":true,"href":"https:\/\/kurumsalhediyeci.com\/en\/wp-json\/wp\/v2\/media\/62699"}],"wp:attachment":[{"href":"https:\/\/kurumsalhediyeci.com\/en\/wp-json\/wp\/v2\/media?parent=53921"}],"wp:term":[{"taxonomy":"product_brand","embeddable":true,"href":"https:\/\/kurumsalhediyeci.com\/en\/wp-json\/wp\/v2\/product_brand?post=53921"},{"taxonomy":"product_cat","embeddable":true,"href":"https:\/\/kurumsalhediyeci.com\/en\/wp-json\/wp\/v2\/product_cat?post=53921"},{"taxonomy":"product_tag","embeddable":true,"href":"https:\/\/kurumsalhediyeci.com\/en\/wp-json\/wp\/v2\/product_tag?post=53921"}],"curies":[{"name":"wp","href":"https:\/\/api.w.org\/{rel}","templated":true}]}}