{"id":53904,"date":"2023-05-16T18:58:43","date_gmt":"2023-05-16T15:58:43","guid":{"rendered":"https:\/\/kurumsalhediyeci.com\/elsanat-basucu-surahi-takimi\/"},"modified":"2026-03-18T08:54:54","modified_gmt":"2026-03-18T05:54:54","slug":"elsanat-basucu-surahi-takimi","status":"publish","type":"product","link":"https:\/\/kurumsalhediyeci.com\/en\/elsanat-basucu-surahi-takimi\/","title":{"rendered":"Elsanat Ba\u015fucu S\u00fcrahi Tak\u0131m\u0131"},"content":{"rendered":"<p>Elsanat Ba\u015fucu S\u00fcrahi Tak\u0131m\u0131<\/p>\n","protected":false},"excerpt":{"rendered":"<p>Elsanat Ba\u015fucu S\u00fcrahi Tak\u0131m\u0131<\/p>\n","protected":false},"featured_media":51060,"comment_status":"open","ping_status":"closed","template":"","meta":[],"product_brand":[],"product_cat":[7926],"product_tag":[],"class_list":{"0":"post-53904","1":"product","2":"type-product","3":"status-publish","4":"has-post-thumbnail","6":"product_cat-corpotate-gifts-bedside-jugs-bottles","8":"first","9":"onbackorder","10":"taxable","11":"shipping-taxable","12":"purchasable","13":"product-type-simple"},"_links":{"self":[{"href":"https:\/\/kurumsalhediyeci.com\/en\/wp-json\/wp\/v2\/product\/53904","targetHints":{"allow":["GET"]}}],"collection":[{"href":"https:\/\/kurumsalhediyeci.com\/en\/wp-json\/wp\/v2\/product"}],"about":[{"href":"https:\/\/kurumsalhediyeci.com\/en\/wp-json\/wp\/v2\/types\/product"}],"replies":[{"embeddable":true,"href":"https:\/\/kurumsalhediyeci.com\/en\/wp-json\/wp\/v2\/comments?post=53904"}],"wp:featuredmedia":[{"embeddable":true,"href":"https:\/\/kurumsalhediyeci.com\/en\/wp-json\/wp\/v2\/media\/51060"}],"wp:attachment":[{"href":"https:\/\/kurumsalhediyeci.com\/en\/wp-json\/wp\/v2\/media?parent=53904"}],"wp:term":[{"taxonomy":"product_brand","embeddable":true,"href":"https:\/\/kurumsalhediyeci.com\/en\/wp-json\/wp\/v2\/product_brand?post=53904"},{"taxonomy":"product_cat","embeddable":true,"href":"https:\/\/kurumsalhediyeci.com\/en\/wp-json\/wp\/v2\/product_cat?post=53904"},{"taxonomy":"product_tag","embeddable":true,"href":"https:\/\/kurumsalhediyeci.com\/en\/wp-json\/wp\/v2\/product_tag?post=53904"}],"curies":[{"name":"wp","href":"https:\/\/api.w.org\/{rel}","templated":true}]}}