{"id":53902,"date":"2023-05-16T18:58:46","date_gmt":"2023-05-16T15:58:46","guid":{"rendered":"https:\/\/kurumsalhediyeci.com\/elsanat-selcuklu-yildizi-vip-kahve-ikram-seti\/"},"modified":"2026-03-18T08:54:52","modified_gmt":"2026-03-18T05:54:52","slug":"elsanat-selcuklu-yildizi-vip-kahve-ikram-seti","status":"publish","type":"product","link":"https:\/\/kurumsalhediyeci.com\/en\/elsanat-selcuklu-yildizi-vip-kahve-ikram-seti\/","title":{"rendered":"Elsanat Sel\u00e7uklu Y\u0131ld\u0131z\u0131 VIP Kahve \u0130kram Seti"},"content":{"rendered":"<p>Elsanat Sel\u00e7uklu Y\u0131ld\u0131z\u0131 VIP Kahve \u0130kram Seti<\/p>\n","protected":false},"excerpt":{"rendered":"<p>Elsanat Sel\u00e7uklu Y\u0131ld\u0131z\u0131 VIP Kahve \u0130kram Seti<\/p>\n","protected":false},"featured_media":51084,"comment_status":"open","ping_status":"closed","template":"","meta":[],"product_brand":[],"product_cat":[7927],"product_tag":[],"class_list":{"0":"post-53902","1":"product","2":"type-product","3":"status-publish","4":"has-post-thumbnail","6":"product_cat-coffee-kits-and-sets-for-business-gifts","8":"first","9":"instock","10":"taxable","11":"shipping-taxable","12":"purchasable","13":"product-type-simple"},"_links":{"self":[{"href":"https:\/\/kurumsalhediyeci.com\/en\/wp-json\/wp\/v2\/product\/53902","targetHints":{"allow":["GET"]}}],"collection":[{"href":"https:\/\/kurumsalhediyeci.com\/en\/wp-json\/wp\/v2\/product"}],"about":[{"href":"https:\/\/kurumsalhediyeci.com\/en\/wp-json\/wp\/v2\/types\/product"}],"replies":[{"embeddable":true,"href":"https:\/\/kurumsalhediyeci.com\/en\/wp-json\/wp\/v2\/comments?post=53902"}],"wp:featuredmedia":[{"embeddable":true,"href":"https:\/\/kurumsalhediyeci.com\/en\/wp-json\/wp\/v2\/media\/51084"}],"wp:attachment":[{"href":"https:\/\/kurumsalhediyeci.com\/en\/wp-json\/wp\/v2\/media?parent=53902"}],"wp:term":[{"taxonomy":"product_brand","embeddable":true,"href":"https:\/\/kurumsalhediyeci.com\/en\/wp-json\/wp\/v2\/product_brand?post=53902"},{"taxonomy":"product_cat","embeddable":true,"href":"https:\/\/kurumsalhediyeci.com\/en\/wp-json\/wp\/v2\/product_cat?post=53902"},{"taxonomy":"product_tag","embeddable":true,"href":"https:\/\/kurumsalhediyeci.com\/en\/wp-json\/wp\/v2\/product_tag?post=53902"}],"curies":[{"name":"wp","href":"https:\/\/api.w.org\/{rel}","templated":true}]}}