{"id":53901,"date":"2023-05-16T18:58:48","date_gmt":"2023-05-16T15:58:48","guid":{"rendered":"https:\/\/kurumsalhediyeci.com\/elsanat-ata-siluet-ikili-fincan-seti\/"},"modified":"2026-03-18T08:54:51","modified_gmt":"2026-03-18T05:54:51","slug":"elsanat-ata-siluet-ikili-fincan-seti","status":"publish","type":"product","link":"https:\/\/kurumsalhediyeci.com\/en\/elsanat-ata-siluet-ikili-fincan-seti\/","title":{"rendered":"Elsanat Ata Sil\u00fcet \u0130kili Fincan Seti"},"content":{"rendered":"<p>Elsanat Ata Sil\u00fcet \u0130kili Fincan Seti<\/p>\n","protected":false},"excerpt":{"rendered":"<p>Elsanat Ata Sil\u00fcet \u0130kili Fincan Seti<\/p>\n","protected":false},"featured_media":51097,"comment_status":"open","ping_status":"closed","template":"","meta":[],"product_brand":[],"product_cat":[7927],"product_tag":[],"class_list":{"0":"post-53901","1":"product","2":"type-product","3":"status-publish","4":"has-post-thumbnail","6":"product_cat-coffee-kits-and-sets-for-business-gifts","8":"first","9":"instock","10":"taxable","11":"shipping-taxable","12":"purchasable","13":"product-type-simple"},"_links":{"self":[{"href":"https:\/\/kurumsalhediyeci.com\/en\/wp-json\/wp\/v2\/product\/53901","targetHints":{"allow":["GET"]}}],"collection":[{"href":"https:\/\/kurumsalhediyeci.com\/en\/wp-json\/wp\/v2\/product"}],"about":[{"href":"https:\/\/kurumsalhediyeci.com\/en\/wp-json\/wp\/v2\/types\/product"}],"replies":[{"embeddable":true,"href":"https:\/\/kurumsalhediyeci.com\/en\/wp-json\/wp\/v2\/comments?post=53901"}],"wp:featuredmedia":[{"embeddable":true,"href":"https:\/\/kurumsalhediyeci.com\/en\/wp-json\/wp\/v2\/media\/51097"}],"wp:attachment":[{"href":"https:\/\/kurumsalhediyeci.com\/en\/wp-json\/wp\/v2\/media?parent=53901"}],"wp:term":[{"taxonomy":"product_brand","embeddable":true,"href":"https:\/\/kurumsalhediyeci.com\/en\/wp-json\/wp\/v2\/product_brand?post=53901"},{"taxonomy":"product_cat","embeddable":true,"href":"https:\/\/kurumsalhediyeci.com\/en\/wp-json\/wp\/v2\/product_cat?post=53901"},{"taxonomy":"product_tag","embeddable":true,"href":"https:\/\/kurumsalhediyeci.com\/en\/wp-json\/wp\/v2\/product_tag?post=53901"}],"curies":[{"name":"wp","href":"https:\/\/api.w.org\/{rel}","templated":true}]}}