{"id":53888,"date":"2023-05-16T18:59:19","date_gmt":"2023-05-16T15:59:19","guid":{"rendered":"https:\/\/kurumsalhediyeci.com\/elsanat-rumiy-cezveli-kahve-fincan-takimi\/"},"modified":"2026-03-18T08:54:38","modified_gmt":"2026-03-18T05:54:38","slug":"elsanat-rumiy-cezveli-kahve-fincan-takimi","status":"publish","type":"product","link":"https:\/\/kurumsalhediyeci.com\/en\/elsanat-rumiy-cezveli-kahve-fincan-takimi\/","title":{"rendered":"Elsanat Rumi-Y Cezveli Kahve Fincan Tak\u0131m\u0131"},"content":{"rendered":"<p>Elsanat Rumi-Y Cezveli Kahve Fincan Tak\u0131m\u0131<\/p>\n","protected":false},"excerpt":{"rendered":"<p>Elsanat Rumi-Y Cezveli Kahve Fincan Tak\u0131m\u0131<\/p>\n","protected":false},"featured_media":51256,"comment_status":"open","ping_status":"closed","template":"","meta":[],"product_brand":[],"product_cat":[7927],"product_tag":[],"class_list":{"0":"post-53888","1":"product","2":"type-product","3":"status-publish","4":"has-post-thumbnail","6":"product_cat-coffee-kits-and-sets-for-business-gifts","8":"first","9":"instock","10":"taxable","11":"shipping-taxable","12":"purchasable","13":"product-type-simple"},"_links":{"self":[{"href":"https:\/\/kurumsalhediyeci.com\/en\/wp-json\/wp\/v2\/product\/53888","targetHints":{"allow":["GET"]}}],"collection":[{"href":"https:\/\/kurumsalhediyeci.com\/en\/wp-json\/wp\/v2\/product"}],"about":[{"href":"https:\/\/kurumsalhediyeci.com\/en\/wp-json\/wp\/v2\/types\/product"}],"replies":[{"embeddable":true,"href":"https:\/\/kurumsalhediyeci.com\/en\/wp-json\/wp\/v2\/comments?post=53888"}],"wp:featuredmedia":[{"embeddable":true,"href":"https:\/\/kurumsalhediyeci.com\/en\/wp-json\/wp\/v2\/media\/51256"}],"wp:attachment":[{"href":"https:\/\/kurumsalhediyeci.com\/en\/wp-json\/wp\/v2\/media?parent=53888"}],"wp:term":[{"taxonomy":"product_brand","embeddable":true,"href":"https:\/\/kurumsalhediyeci.com\/en\/wp-json\/wp\/v2\/product_brand?post=53888"},{"taxonomy":"product_cat","embeddable":true,"href":"https:\/\/kurumsalhediyeci.com\/en\/wp-json\/wp\/v2\/product_cat?post=53888"},{"taxonomy":"product_tag","embeddable":true,"href":"https:\/\/kurumsalhediyeci.com\/en\/wp-json\/wp\/v2\/product_tag?post=53888"}],"curies":[{"name":"wp","href":"https:\/\/api.w.org\/{rel}","templated":true}]}}