{"id":53361,"date":"2023-05-16T19:01:25","date_gmt":"2023-05-16T16:01:25","guid":{"rendered":"https:\/\/kurumsalhediyeci.com\/elsanat-buz-viski-tasi-seti-12-li\/"},"modified":"2026-03-18T08:54:10","modified_gmt":"2026-03-18T05:54:10","slug":"elsanat-buz-viski-tasi-seti-12-li","status":"publish","type":"product","link":"https:\/\/kurumsalhediyeci.com\/en\/elsanat-buz-viski-tasi-seti-12-li\/","title":{"rendered":"Elsanat Buz &#038; Viski Ta\u015f\u0131 Seti 12 li"},"content":{"rendered":"<p>Elsanat Buz &#038; Viski Ta\u015f\u0131 Seti 12 li<\/p>\n","protected":false},"excerpt":{"rendered":"<p>Elsanat Buz &#038; Viski Ta\u015f\u0131 Seti 12 li<\/p>\n","protected":false},"featured_media":52034,"comment_status":"open","ping_status":"closed","template":"","meta":[],"product_brand":[],"product_cat":[7932],"product_tag":[],"class_list":{"0":"post-53361","1":"product","2":"type-product","3":"status-publish","4":"has-post-thumbnail","6":"product_cat-beverage-sets-for-business-gifts","8":"first","9":"instock","10":"taxable","11":"shipping-taxable","12":"purchasable","13":"product-type-simple"},"_links":{"self":[{"href":"https:\/\/kurumsalhediyeci.com\/en\/wp-json\/wp\/v2\/product\/53361","targetHints":{"allow":["GET"]}}],"collection":[{"href":"https:\/\/kurumsalhediyeci.com\/en\/wp-json\/wp\/v2\/product"}],"about":[{"href":"https:\/\/kurumsalhediyeci.com\/en\/wp-json\/wp\/v2\/types\/product"}],"replies":[{"embeddable":true,"href":"https:\/\/kurumsalhediyeci.com\/en\/wp-json\/wp\/v2\/comments?post=53361"}],"wp:featuredmedia":[{"embeddable":true,"href":"https:\/\/kurumsalhediyeci.com\/en\/wp-json\/wp\/v2\/media\/52034"}],"wp:attachment":[{"href":"https:\/\/kurumsalhediyeci.com\/en\/wp-json\/wp\/v2\/media?parent=53361"}],"wp:term":[{"taxonomy":"product_brand","embeddable":true,"href":"https:\/\/kurumsalhediyeci.com\/en\/wp-json\/wp\/v2\/product_brand?post=53361"},{"taxonomy":"product_cat","embeddable":true,"href":"https:\/\/kurumsalhediyeci.com\/en\/wp-json\/wp\/v2\/product_cat?post=53361"},{"taxonomy":"product_tag","embeddable":true,"href":"https:\/\/kurumsalhediyeci.com\/en\/wp-json\/wp\/v2\/product_tag?post=53361"}],"curies":[{"name":"wp","href":"https:\/\/api.w.org\/{rel}","templated":true}]}}