{"id":53308,"date":"2023-05-16T19:03:50","date_gmt":"2023-05-16T16:03:50","guid":{"rendered":"https:\/\/kurumsalhediyeci.com\/elsanat-hasir-cam-sisede-500ml-sizma-zeytinyagi\/"},"modified":"2026-03-18T08:53:24","modified_gmt":"2026-03-18T05:53:24","slug":"elsanat-hasir-cam-sisede-500ml-sizma-zeytinyagi","status":"publish","type":"product","link":"https:\/\/kurumsalhediyeci.com\/en\/elsanat-hasir-cam-sisede-500ml-sizma-zeytinyagi\/","title":{"rendered":"Elsanat Has\u0131r Cam \u015ei\u015fede 500ml S\u0131zma Zeytinya\u011f\u0131"},"content":{"rendered":"<p>Elsanat Has\u0131r Cam \u015ei\u015fede 500ml S\u0131zma Zeytinya\u011f\u0131<\/p>\n","protected":false},"excerpt":{"rendered":"<p>Elsanat Has\u0131r Cam \u015ei\u015fede 500ml S\u0131zma Zeytinya\u011f\u0131<\/p>\n","protected":false},"featured_media":52795,"comment_status":"open","ping_status":"closed","template":"","meta":[],"product_brand":[],"product_cat":[7930],"product_tag":[],"class_list":{"0":"post-53308","1":"product","2":"type-product","3":"status-publish","4":"has-post-thumbnail","6":"product_cat-olive-oils-for-corporate-gifts","8":"first","9":"instock","10":"taxable","11":"shipping-taxable","12":"purchasable","13":"product-type-simple"},"_links":{"self":[{"href":"https:\/\/kurumsalhediyeci.com\/en\/wp-json\/wp\/v2\/product\/53308","targetHints":{"allow":["GET"]}}],"collection":[{"href":"https:\/\/kurumsalhediyeci.com\/en\/wp-json\/wp\/v2\/product"}],"about":[{"href":"https:\/\/kurumsalhediyeci.com\/en\/wp-json\/wp\/v2\/types\/product"}],"replies":[{"embeddable":true,"href":"https:\/\/kurumsalhediyeci.com\/en\/wp-json\/wp\/v2\/comments?post=53308"}],"wp:featuredmedia":[{"embeddable":true,"href":"https:\/\/kurumsalhediyeci.com\/en\/wp-json\/wp\/v2\/media\/52795"}],"wp:attachment":[{"href":"https:\/\/kurumsalhediyeci.com\/en\/wp-json\/wp\/v2\/media?parent=53308"}],"wp:term":[{"taxonomy":"product_brand","embeddable":true,"href":"https:\/\/kurumsalhediyeci.com\/en\/wp-json\/wp\/v2\/product_brand?post=53308"},{"taxonomy":"product_cat","embeddable":true,"href":"https:\/\/kurumsalhediyeci.com\/en\/wp-json\/wp\/v2\/product_cat?post=53308"},{"taxonomy":"product_tag","embeddable":true,"href":"https:\/\/kurumsalhediyeci.com\/en\/wp-json\/wp\/v2\/product_tag?post=53308"}],"curies":[{"name":"wp","href":"https:\/\/api.w.org\/{rel}","templated":true}]}}