{"id":53306,"date":"2023-05-16T19:03:54","date_gmt":"2023-05-16T16:03:54","guid":{"rendered":"https:\/\/kurumsalhediyeci.com\/elsanat-sizma-zeytinyagi-galata-cam-sisesinde-500ml\/"},"modified":"2026-03-18T08:53:22","modified_gmt":"2026-03-18T05:53:22","slug":"elsanat-sizma-zeytinyagi-galata-cam-sisesinde-500ml","status":"publish","type":"product","link":"https:\/\/kurumsalhediyeci.com\/en\/elsanat-sizma-zeytinyagi-galata-cam-sisesinde-500ml\/","title":{"rendered":"Elsanat S\u0131zma Zeytinya\u011f\u0131 Galata Cam \u015ei\u015fesinde 500ml"},"content":{"rendered":"<p>Elsanat S\u0131zma Zeytinya\u011f\u0131 Galata Cam \u015ei\u015fesinde 500ml<\/p>\n","protected":false},"excerpt":{"rendered":"<p>Elsanat S\u0131zma Zeytinya\u011f\u0131 Galata Cam \u015ei\u015fesinde 500ml<\/p>\n","protected":false},"featured_media":52825,"comment_status":"open","ping_status":"closed","template":"","meta":[],"product_brand":[],"product_cat":[7930],"product_tag":[],"class_list":{"0":"post-53306","1":"product","2":"type-product","3":"status-publish","4":"has-post-thumbnail","6":"product_cat-olive-oils-for-corporate-gifts","8":"first","9":"instock","10":"taxable","11":"shipping-taxable","12":"purchasable","13":"product-type-simple"},"_links":{"self":[{"href":"https:\/\/kurumsalhediyeci.com\/en\/wp-json\/wp\/v2\/product\/53306","targetHints":{"allow":["GET"]}}],"collection":[{"href":"https:\/\/kurumsalhediyeci.com\/en\/wp-json\/wp\/v2\/product"}],"about":[{"href":"https:\/\/kurumsalhediyeci.com\/en\/wp-json\/wp\/v2\/types\/product"}],"replies":[{"embeddable":true,"href":"https:\/\/kurumsalhediyeci.com\/en\/wp-json\/wp\/v2\/comments?post=53306"}],"wp:featuredmedia":[{"embeddable":true,"href":"https:\/\/kurumsalhediyeci.com\/en\/wp-json\/wp\/v2\/media\/52825"}],"wp:attachment":[{"href":"https:\/\/kurumsalhediyeci.com\/en\/wp-json\/wp\/v2\/media?parent=53306"}],"wp:term":[{"taxonomy":"product_brand","embeddable":true,"href":"https:\/\/kurumsalhediyeci.com\/en\/wp-json\/wp\/v2\/product_brand?post=53306"},{"taxonomy":"product_cat","embeddable":true,"href":"https:\/\/kurumsalhediyeci.com\/en\/wp-json\/wp\/v2\/product_cat?post=53306"},{"taxonomy":"product_tag","embeddable":true,"href":"https:\/\/kurumsalhediyeci.com\/en\/wp-json\/wp\/v2\/product_tag?post=53306"}],"curies":[{"name":"wp","href":"https:\/\/api.w.org\/{rel}","templated":true}]}}