{"id":53293,"date":"2023-05-16T19:04:22","date_gmt":"2023-05-16T16:04:22","guid":{"rendered":"https:\/\/kurumsalhediyeci.com\/elsanat-happy-winter-basucu-surahi-seti-mukavva-kutulu\/"},"modified":"2026-03-18T08:53:08","modified_gmt":"2026-03-18T05:53:08","slug":"elsanat-happy-winter-basucu-surahi-seti-mukavva-kutulu","status":"publish","type":"product","link":"https:\/\/kurumsalhediyeci.com\/en\/elsanat-happy-winter-basucu-surahi-seti-mukavva-kutulu\/","title":{"rendered":"Elsanat Happy Winter Ba\u015fucu S\u00fcrahi Seti Mukavva Kutulu"},"content":{"rendered":"<p>Elsanat Happy Winter Ba\u015fucu S\u00fcrahi Seti Mukavva Kutulu<\/p>\n","protected":false},"excerpt":{"rendered":"<p>Elsanat Happy Winter Ba\u015fucu S\u00fcrahi Seti Mukavva Kutulu<\/p>\n","protected":false},"featured_media":53016,"comment_status":"open","ping_status":"closed","template":"","meta":[],"product_brand":[],"product_cat":[7926],"product_tag":[],"class_list":{"0":"post-53293","1":"product","2":"type-product","3":"status-publish","4":"has-post-thumbnail","6":"product_cat-corpotate-gifts-bedside-jugs-bottles","8":"first","9":"instock","10":"taxable","11":"shipping-taxable","12":"purchasable","13":"product-type-simple"},"_links":{"self":[{"href":"https:\/\/kurumsalhediyeci.com\/en\/wp-json\/wp\/v2\/product\/53293","targetHints":{"allow":["GET"]}}],"collection":[{"href":"https:\/\/kurumsalhediyeci.com\/en\/wp-json\/wp\/v2\/product"}],"about":[{"href":"https:\/\/kurumsalhediyeci.com\/en\/wp-json\/wp\/v2\/types\/product"}],"replies":[{"embeddable":true,"href":"https:\/\/kurumsalhediyeci.com\/en\/wp-json\/wp\/v2\/comments?post=53293"}],"wp:featuredmedia":[{"embeddable":true,"href":"https:\/\/kurumsalhediyeci.com\/en\/wp-json\/wp\/v2\/media\/53016"}],"wp:attachment":[{"href":"https:\/\/kurumsalhediyeci.com\/en\/wp-json\/wp\/v2\/media?parent=53293"}],"wp:term":[{"taxonomy":"product_brand","embeddable":true,"href":"https:\/\/kurumsalhediyeci.com\/en\/wp-json\/wp\/v2\/product_brand?post=53293"},{"taxonomy":"product_cat","embeddable":true,"href":"https:\/\/kurumsalhediyeci.com\/en\/wp-json\/wp\/v2\/product_cat?post=53293"},{"taxonomy":"product_tag","embeddable":true,"href":"https:\/\/kurumsalhediyeci.com\/en\/wp-json\/wp\/v2\/product_tag?post=53293"}],"curies":[{"name":"wp","href":"https:\/\/api.w.org\/{rel}","templated":true}]}}