{"id":53291,"date":"2023-05-16T19:04:29","date_gmt":"2023-05-16T16:04:29","guid":{"rendered":"https:\/\/kurumsalhediyeci.com\/elsanat-snowflake-dortlu-bardak-altligi\/"},"modified":"2026-03-18T08:53:06","modified_gmt":"2026-03-18T05:53:06","slug":"elsanat-snowflake-dortlu-bardak-altligi","status":"publish","type":"product","link":"https:\/\/kurumsalhediyeci.com\/en\/elsanat-snowflake-dortlu-bardak-altligi\/","title":{"rendered":"Elsanat Snowflake D\u00f6rtl\u00fc Bardak Altl\u0131\u011f\u0131"},"content":{"rendered":"<p>Elsanat Snowflake D\u00f6rtl\u00fc Bardak Altl\u0131\u011f\u0131<\/p>\n","protected":false},"excerpt":{"rendered":"<p>Elsanat Snowflake D\u00f6rtl\u00fc Bardak Altl\u0131\u011f\u0131<\/p>\n","protected":false},"featured_media":53046,"comment_status":"open","ping_status":"closed","template":"","meta":[],"product_brand":[],"product_cat":[7928],"product_tag":[],"class_list":{"0":"post-53291","1":"product","2":"type-product","3":"status-publish","4":"has-post-thumbnail","6":"product_cat-mugs-cups-custom-corporate-gifts","8":"first","9":"instock","10":"taxable","11":"shipping-taxable","12":"purchasable","13":"product-type-simple"},"_links":{"self":[{"href":"https:\/\/kurumsalhediyeci.com\/en\/wp-json\/wp\/v2\/product\/53291","targetHints":{"allow":["GET"]}}],"collection":[{"href":"https:\/\/kurumsalhediyeci.com\/en\/wp-json\/wp\/v2\/product"}],"about":[{"href":"https:\/\/kurumsalhediyeci.com\/en\/wp-json\/wp\/v2\/types\/product"}],"replies":[{"embeddable":true,"href":"https:\/\/kurumsalhediyeci.com\/en\/wp-json\/wp\/v2\/comments?post=53291"}],"wp:featuredmedia":[{"embeddable":true,"href":"https:\/\/kurumsalhediyeci.com\/en\/wp-json\/wp\/v2\/media\/53046"}],"wp:attachment":[{"href":"https:\/\/kurumsalhediyeci.com\/en\/wp-json\/wp\/v2\/media?parent=53291"}],"wp:term":[{"taxonomy":"product_brand","embeddable":true,"href":"https:\/\/kurumsalhediyeci.com\/en\/wp-json\/wp\/v2\/product_brand?post=53291"},{"taxonomy":"product_cat","embeddable":true,"href":"https:\/\/kurumsalhediyeci.com\/en\/wp-json\/wp\/v2\/product_cat?post=53291"},{"taxonomy":"product_tag","embeddable":true,"href":"https:\/\/kurumsalhediyeci.com\/en\/wp-json\/wp\/v2\/product_tag?post=53291"}],"curies":[{"name":"wp","href":"https:\/\/api.w.org\/{rel}","templated":true}]}}