{"id":53279,"date":"2023-05-16T19:04:57","date_gmt":"2023-05-16T16:04:57","guid":{"rendered":"https:\/\/kurumsalhediyeci.com\/elsanat-snowflake-ikili-cay-fincan-seti-200cc\/"},"modified":"2026-03-18T08:52:50","modified_gmt":"2026-03-18T05:52:50","slug":"elsanat-snowflake-ikili-cay-fincan-seti-200cc","status":"publish","type":"product","link":"https:\/\/kurumsalhediyeci.com\/en\/elsanat-snowflake-ikili-cay-fincan-seti-200cc\/","title":{"rendered":"Elsanat Snowflake \u0130kili \u00c7ay Fincan Seti 200cc"},"content":{"rendered":"<p>Elsanat Snowflake \u0130kili \u00c7ay Fincan Seti 200cc<\/p>\n","protected":false},"excerpt":{"rendered":"<p>Elsanat Snowflake \u0130kili \u00c7ay Fincan Seti 200cc<\/p>\n","protected":false},"featured_media":53212,"comment_status":"open","ping_status":"closed","template":"","meta":[],"product_brand":[],"product_cat":[7927],"product_tag":[],"class_list":{"0":"post-53279","1":"product","2":"type-product","3":"status-publish","4":"has-post-thumbnail","6":"product_cat-coffee-kits-and-sets-for-business-gifts","8":"first","9":"instock","10":"taxable","11":"shipping-taxable","12":"purchasable","13":"product-type-simple"},"_links":{"self":[{"href":"https:\/\/kurumsalhediyeci.com\/en\/wp-json\/wp\/v2\/product\/53279","targetHints":{"allow":["GET"]}}],"collection":[{"href":"https:\/\/kurumsalhediyeci.com\/en\/wp-json\/wp\/v2\/product"}],"about":[{"href":"https:\/\/kurumsalhediyeci.com\/en\/wp-json\/wp\/v2\/types\/product"}],"replies":[{"embeddable":true,"href":"https:\/\/kurumsalhediyeci.com\/en\/wp-json\/wp\/v2\/comments?post=53279"}],"wp:featuredmedia":[{"embeddable":true,"href":"https:\/\/kurumsalhediyeci.com\/en\/wp-json\/wp\/v2\/media\/53212"}],"wp:attachment":[{"href":"https:\/\/kurumsalhediyeci.com\/en\/wp-json\/wp\/v2\/media?parent=53279"}],"wp:term":[{"taxonomy":"product_brand","embeddable":true,"href":"https:\/\/kurumsalhediyeci.com\/en\/wp-json\/wp\/v2\/product_brand?post=53279"},{"taxonomy":"product_cat","embeddable":true,"href":"https:\/\/kurumsalhediyeci.com\/en\/wp-json\/wp\/v2\/product_cat?post=53279"},{"taxonomy":"product_tag","embeddable":true,"href":"https:\/\/kurumsalhediyeci.com\/en\/wp-json\/wp\/v2\/product_tag?post=53279"}],"curies":[{"name":"wp","href":"https:\/\/api.w.org\/{rel}","templated":true}]}}