{"id":53277,"date":"2023-05-16T19:05:01","date_gmt":"2023-05-16T16:05:01","guid":{"rendered":"https:\/\/kurumsalhediyeci.com\/elsanat-dunya-haritasi-cmyk-fincan-seti\/"},"modified":"2026-03-18T08:52:39","modified_gmt":"2026-03-18T05:52:39","slug":"elsanat-dunya-haritasi-cmyk-fincan-seti","status":"publish","type":"product","link":"https:\/\/kurumsalhediyeci.com\/en\/elsanat-dunya-haritasi-cmyk-fincan-seti\/","title":{"rendered":"Elsanat D\u00fcnya Haritas\u0131 CMYK Fincan Seti"},"content":{"rendered":"<p>Elsanat D\u00fcnya Haritas\u0131 CMYK Fincan Seti<\/p>\n","protected":false},"excerpt":{"rendered":"<p>Elsanat D\u00fcnya Haritas\u0131 CMYK Fincan Seti<\/p>\n","protected":false},"featured_media":53242,"comment_status":"open","ping_status":"closed","template":"","meta":[],"product_brand":[],"product_cat":[7927],"product_tag":[],"class_list":{"0":"post-53277","1":"product","2":"type-product","3":"status-publish","4":"has-post-thumbnail","6":"product_cat-coffee-kits-and-sets-for-business-gifts","8":"first","9":"instock","10":"taxable","11":"shipping-taxable","12":"purchasable","13":"product-type-simple"},"_links":{"self":[{"href":"https:\/\/kurumsalhediyeci.com\/en\/wp-json\/wp\/v2\/product\/53277","targetHints":{"allow":["GET"]}}],"collection":[{"href":"https:\/\/kurumsalhediyeci.com\/en\/wp-json\/wp\/v2\/product"}],"about":[{"href":"https:\/\/kurumsalhediyeci.com\/en\/wp-json\/wp\/v2\/types\/product"}],"replies":[{"embeddable":true,"href":"https:\/\/kurumsalhediyeci.com\/en\/wp-json\/wp\/v2\/comments?post=53277"}],"wp:featuredmedia":[{"embeddable":true,"href":"https:\/\/kurumsalhediyeci.com\/en\/wp-json\/wp\/v2\/media\/53242"}],"wp:attachment":[{"href":"https:\/\/kurumsalhediyeci.com\/en\/wp-json\/wp\/v2\/media?parent=53277"}],"wp:term":[{"taxonomy":"product_brand","embeddable":true,"href":"https:\/\/kurumsalhediyeci.com\/en\/wp-json\/wp\/v2\/product_brand?post=53277"},{"taxonomy":"product_cat","embeddable":true,"href":"https:\/\/kurumsalhediyeci.com\/en\/wp-json\/wp\/v2\/product_cat?post=53277"},{"taxonomy":"product_tag","embeddable":true,"href":"https:\/\/kurumsalhediyeci.com\/en\/wp-json\/wp\/v2\/product_tag?post=53277"}],"curies":[{"name":"wp","href":"https:\/\/api.w.org\/{rel}","templated":true}]}}