{"id":44765,"date":"2023-01-02T17:13:36","date_gmt":"2023-01-02T14:13:36","guid":{"rendered":"https:\/\/kurumsalhediyeci.com\/terms-of-use\/"},"modified":"2025-02-15T17:55:23","modified_gmt":"2025-02-15T14:55:23","slug":"terms-of-use","status":"publish","type":"page","link":"https:\/\/kurumsalhediyeci.com\/en\/terms-of-use\/","title":{"rendered":"Terms of Use"},"content":{"rendered":"\n  <div id=\"page-header-1836118201\" class=\"page-header-wrapper\">\n  <div class=\"page-title dark featured-title\">\n\n        <div class=\"page-title-bg\">\n      <div class=\"title-bg fill bg-fill\"\n        data-parallax-container=\".page-title\"\n        data-parallax-background\n        data-parallax=\"-\">\n      <\/div>\n      <div class=\"title-overlay fill\"><\/div>\n    <\/div>\n    \n    <div class=\"page-title-inner container align-center flex-row medium-flex-wrap\" >\n              <div class=\"title-wrapper flex-col text-left medium-text-center\">\n          <h1 class=\"entry-title mb-0\">\n            Terms of Use          <\/h1>\n        <\/div>\n                    <div class=\"title-content flex-col flex-right text-right medium-text-center\">\n        <div class=\"title-breadcrumbs pb-half pt-half\"><nav class=\"woocommerce-breadcrumb breadcrumbs \" aria-label=\"Breadcrumb\">Home<\/nav><\/div>      <\/div>\n    <\/div>\n\n     \n<style>\n#page-header-1836118201 .featured-title {\n  background-color: rgb(255,255,255);\n}\n<\/style>\n  <\/div>\n    <\/div>\n  \n\n\t<div id=\"gap-107519722\" class=\"gap-element clearfix\" style=\"display:block; height:auto;\">\n\t\t\n<style>\n#gap-107519722 {\n  padding-top: 30px;\n}\n<\/style>\n\t<\/div>\n\t\n\n<div class=\"row\"  id=\"row-186300865\">\n\n\n\t<div id=\"col-599395535\" class=\"col small-12 large-12\"  >\n\t\t\t\t<div class=\"col-inner\"  >\n\t\t\t\n\t\t\t\n\n<p>Last Updated: 01-01-2025<\/p>\n<p>These Terms of Use govern the rights of intellectual property owners, right of use owners, users and visitors of https:\/\/kurumsalhediyeci.com and the products and services offered through this website. Visitors and users of the aforementioned website agree that they are obliged to comply with these Terms of Use. Otherwise, the persons concerned must immediately terminate their access to the website.<\/p>\n<p><strong>Privacy and Protection of Personal Data:  <\/strong><\/p>\n<p>Your personal data is processed through the aforementioned website. In this regard, you can access the Clarification Notice we have prepared for visitors and users at any time. Do not forget to read this Notice.<\/p>\n<p><strong>Intellectual Property:  <\/strong><\/p>\n<p>All registered or unregistered intellectual property rights such as website, Kuvarz Gastronomy Equipment Agriculture and Foreign Trade LTD \u015eT\u0130, all texts, codes, graphics, logos, images, trademarks, patents, designs, methods, etc. published by or on behalf of Kuvarz Gastronomy Equipment Agriculture and Foreign Trade LTD \u015eT\u0130 belong to the legal entity of Kuvarz Gastronomy Equipment Agriculture and Foreign Trade LTD \u015eT\u0130. Reproduction or copying without written permission is strictly prohibited.<\/p>\n<p><strong>General Provisions:  <\/strong><\/p>\n<p>Visitors and users agree that they will use the website only for lawful purposes and will not engage in any activity that may infringe the rights of third parties. The legal and criminal liability for any action taken during the visit and use belongs solely to the visitor or user.<\/p>\n<p><strong>Limitation of Liability:  <\/strong><\/p>\n<p>The liability of Kuvarz Gastronomy Equipment Agriculture and Foreign Trade LTD \u015eT\u0130 for damages arising from the use of addresses is limited to intent and gross negligence.<\/p>\n<p><strong>Dispute Resolution:  <\/strong><\/p>\n<p>Turkish Law shall apply to resolve any dispute arising out of the application or interpretation of the Terms of Use. Istanbul courts are authorized.<\/p>\n\n\n\t\t<\/div>\n\t\t\t\t\t<\/div>\n\n\t\n\n<\/div>\n\n","protected":false},"excerpt":{"rendered":"","protected":false},"author":67,"featured_media":0,"parent":0,"menu_order":0,"comment_status":"closed","ping_status":"closed","template":"","meta":{"footnotes":""},"class_list":["post-44765","page","type-page","status-publish","hentry"],"_links":{"self":[{"href":"https:\/\/kurumsalhediyeci.com\/en\/wp-json\/wp\/v2\/pages\/44765","targetHints":{"allow":["GET"]}}],"collection":[{"href":"https:\/\/kurumsalhediyeci.com\/en\/wp-json\/wp\/v2\/pages"}],"about":[{"href":"https:\/\/kurumsalhediyeci.com\/en\/wp-json\/wp\/v2\/types\/page"}],"author":[{"embeddable":true,"href":"https:\/\/kurumsalhediyeci.com\/en\/wp-json\/wp\/v2\/users\/67"}],"replies":[{"embeddable":true,"href":"https:\/\/kurumsalhediyeci.com\/en\/wp-json\/wp\/v2\/comments?post=44765"}],"version-history":[{"count":0,"href":"https:\/\/kurumsalhediyeci.com\/en\/wp-json\/wp\/v2\/pages\/44765\/revisions"}],"wp:attachment":[{"href":"https:\/\/kurumsalhediyeci.com\/en\/wp-json\/wp\/v2\/media?parent=44765"}],"curies":[{"name":"wp","href":"https:\/\/api.w.org\/{rel}","templated":true}]}}