{"id":1610,"date":"2022-11-24T20:47:34","date_gmt":"2022-11-24T17:47:34","guid":{"rendered":"https:\/\/kurumsalhediyeci.com\/bank-accounts\/"},"modified":"2024-12-14T15:45:22","modified_gmt":"2024-12-14T12:45:22","slug":"bank-accounts","status":"publish","type":"page","link":"https:\/\/kurumsalhediyeci.com\/en\/bank-accounts\/","title":{"rendered":"Payment Options"},"content":{"rendered":"\n\n\t<section class=\"section\" id=\"section_1019970307\">\n\t\t<div class=\"section-bg fill\" >\n\t\t\t\t\t\t\t\t\t\n\t\t\t\n\t<div class=\"is-border\"\n\t\tstyle=\"border-color:rgb(235, 235, 235);border-width:1px 0px 0px 0px;\">\n\t<\/div>\n\n\t\t<\/div>\n\n\t\t\n\n\t\t<div class=\"section-content relative\">\n\t\t\t\n\n<div class=\"row row-large align-middle align-center\" style=\"max-width:1200px\" id=\"row-1658792260\">\n\n\n\t<div id=\"col-609234917\" class=\"col medium-5 small-12 large-5\"  >\n\t\t\t\t<div class=\"col-inner box-shadow-2 box-shadow-5-hover\"  >\n\t\t\t\n\t\t\t\n\n\t<div class=\"img has-hover x md-x lg-x y md-y lg-y\" id=\"image_1595765149\">\n\t\t\t\t\t\t\t\t<div class=\"img-inner dark\" >\n\t\t\t<img decoding=\"async\" width=\"775\" height=\"430\" src=\"https:\/\/kurumsalhediyeci.com\/wp-content\/uploads\/2022\/11\/digital-banks.jpg\" class=\"attachment-large size-large\" alt=\"\" srcset=\"https:\/\/kurumsalhediyeci.com\/wp-content\/uploads\/2022\/11\/digital-banks.jpg 775w, https:\/\/kurumsalhediyeci.com\/wp-content\/uploads\/2022\/11\/digital-banks-300x166.jpg 300w, https:\/\/kurumsalhediyeci.com\/wp-content\/uploads\/2022\/11\/digital-banks-600x333.jpg 600w, https:\/\/kurumsalhediyeci.com\/wp-content\/uploads\/2022\/11\/digital-banks-768x426.jpg 768w, https:\/\/kurumsalhediyeci.com\/wp-content\/uploads\/2022\/11\/digital-banks-721x400.jpg 721w\" sizes=\"(max-width: 775px) 100vw, 775px\" title=\"\">\t\t\t\t\t\t\n\t\t\t\t\t<\/div>\n\t\t\t\t\t\t\t\t\n<style>\n#image_1595765149 {\n  width: 100%;\n}\n<\/style>\n\t<\/div>\n\t\n\n\n\t\t<\/div>\n\t\t\t\t\t<\/div>\n\n\t\n\n\t<div id=\"col-1234742002\" class=\"col medium-7 small-12 large-7\"  >\n\t\t\t\t<div class=\"col-inner text-center\"  >\n\t\t\t\n\t\t\t\n\n<h2>Bank Accounts<\/h2>\n<p><strong>Kuvarz Gastronomi Ekipmanlar\u0131 Tar\u0131m ve D\u0131\u015f Ticaret Limited \u015eirketi<\/strong><\/p>\n<p>(This title should be used as the account name for all payments)<\/p>\n\n\t\t<\/div>\n\t\t\t\t\t<\/div>\n\n\t\n\n<\/div>\n\n\t\t<\/div>\n\n\t\t\n<style>\n#section_1019970307 {\n  padding-top: -30px;\n  padding-bottom: -30px;\n  background-color: rgb(228, 228, 228);\n}\n<\/style>\n\t<\/section>\n\t\n\n\t<section class=\"section\" id=\"section_232852935\">\n\t\t<div class=\"section-bg fill\" >\n\t\t\t\t\t\t\t\t\t\n\t\t\t\n\n\t\t<\/div>\n\n\t\t\n\n\t\t<div class=\"section-content relative\">\n\t\t\t\n\n<div class=\"row row-small align-equal row-box-shadow-3-hover\" style=\"max-width:1200px\" id=\"row-365553133\">\n\n\n\t<div id=\"col-1628535411\" class=\"col medium-4 small-12 large-4\"  >\n\t\t\t\t<div class=\"col-inner\" style=\"background-color:rgb(237, 237, 237);\" >\n\t\t\t\n\t\t\t\n\n\n\t\t<div class=\"icon-box featured-box icon-box-center text-center\"  >\n\t\t\t\t\t<div class=\"icon-box-img\" style=\"width: 160px\">\n\t\t\t\t<div class=\"icon\">\n\t\t\t\t\t<div class=\"icon-inner\" >\n\t\t\t\t\t\t<img decoding=\"async\" width=\"501\" height=\"291\" src=\"https:\/\/kurumsalhediyeci.com\/wp-content\/uploads\/2024\/12\/kuveyt-turk.png\" class=\"attachment-medium size-medium\" alt=\"\" srcset=\"https:\/\/kurumsalhediyeci.com\/wp-content\/uploads\/2024\/12\/kuveyt-turk.png 501w, https:\/\/kurumsalhediyeci.com\/wp-content\/uploads\/2024\/12\/kuveyt-turk-300x174.png 300w\" sizes=\"(max-width: 501px) 100vw, 501px\" title=\"\">\t\t\t\t\t<\/div>\n\t\t\t\t<\/div>\n\t\t\t<\/div>\n\t\t\t\t<div class=\"icon-box-text last-reset\">\n\t\t\t\t\t\t\t\t\t\n\n\t<div id=\"text-3911129828\" class=\"text\">\n\t\t\n\n<p class=\"alt-font\">Kuveyt Turk &#8211; <strong>TL<\/strong><\/p>\n\t\t\n<style>\n#text-3911129828 {\n  font-size: 1rem;\n}\n@media (min-width:850px) {\n  #text-3911129828 {\n    font-size: 1.2rem;\n  }\n}\n<\/style>\n\t<\/div>\n\t\n\t<div id=\"gap-371807032\" class=\"gap-element clearfix\" style=\"display:block; height:auto;\">\n\t\t\n<style>\n#gap-371807032 {\n  padding-top: 10px;\n}\n<\/style>\n\t<\/div>\n\t\n\n\t<div id=\"text-4140426748\" class=\"text\">\n\t\t\n\n<p class=\"alt-font\"><strong>TR62 0020 5000 0952 8634 4000 01<\/strong><\/p>\n\t\t\n<style>\n#text-4140426748 {\n  font-size: 1rem;\n}\n@media (min-width:850px) {\n  #text-4140426748 {\n    font-size: 1rem;\n  }\n}\n<\/style>\n\t<\/div>\n\t\n\n\t\t<\/div>\n\t<\/div>\n\t\n\t\n\n\t\t<\/div>\n\t\t\t\t\t<\/div>\n\n\t\n\n\t<div id=\"col-2034749378\" class=\"col medium-4 small-12 large-4\"  >\n\t\t\t\t<div class=\"col-inner\" style=\"background-color:rgb(237, 237, 237);\" >\n\t\t\t\n\t\t\t\n\n\n\t\t<div class=\"icon-box featured-box icon-box-center text-center\"  >\n\t\t\t\t\t<div class=\"icon-box-img\" style=\"width: 160px\">\n\t\t\t\t<div class=\"icon\">\n\t\t\t\t\t<div class=\"icon-inner\" >\n\t\t\t\t\t\t<img decoding=\"async\" width=\"501\" height=\"291\" src=\"https:\/\/kurumsalhediyeci.com\/wp-content\/uploads\/2024\/12\/kuveyt-turk.png\" class=\"attachment-medium size-medium\" alt=\"\" srcset=\"https:\/\/kurumsalhediyeci.com\/wp-content\/uploads\/2024\/12\/kuveyt-turk.png 501w, https:\/\/kurumsalhediyeci.com\/wp-content\/uploads\/2024\/12\/kuveyt-turk-300x174.png 300w\" sizes=\"(max-width: 501px) 100vw, 501px\" title=\"\">\t\t\t\t\t<\/div>\n\t\t\t\t<\/div>\n\t\t\t<\/div>\n\t\t\t\t<div class=\"icon-box-text last-reset\">\n\t\t\t\t\t\t\t\t\t\n\n\t<div id=\"text-3287221112\" class=\"text\">\n\t\t\n\n<p class=\"alt-font\">Kuveyt Turk &#8211; <strong>USD<\/strong><\/p>\n\t\t\n<style>\n#text-3287221112 {\n  font-size: 1rem;\n}\n@media (min-width:850px) {\n  #text-3287221112 {\n    font-size: 1.25rem;\n  }\n}\n<\/style>\n\t<\/div>\n\t\n\t<div id=\"gap-597604305\" class=\"gap-element clearfix\" style=\"display:block; height:auto;\">\n\t\t\n<style>\n#gap-597604305 {\n  padding-top: 10px;\n}\n<\/style>\n\t<\/div>\n\t\n\n\t<div id=\"text-4237711616\" class=\"text\">\n\t\t\n\n<p class=\"alt-font\"><strong>TR78 0020 5000 0952 8634 4001 01<\/strong><\/p>\n<p class=\"alt-font\"><strong>KTEFRIS<\/strong><\/p>\n\t\t\n<style>\n#text-4237711616 {\n  font-size: 1rem;\n}\n@media (min-width:850px) {\n  #text-4237711616 {\n    font-size: 1rem;\n  }\n}\n<\/style>\n\t<\/div>\n\t\n\n\t\t<\/div>\n\t<\/div>\n\t\n\t\n\n\t\t<\/div>\n\t\t\t\t\t<\/div>\n\n\t\n\n\t<div id=\"col-1585119320\" class=\"col medium-4 small-12 large-4\"  >\n\t\t\t\t<div class=\"col-inner\" style=\"background-color:rgb(237, 237, 237);\" >\n\t\t\t\n\t\t\t\n\n\n\t\t<div class=\"icon-box featured-box icon-box-center text-center\"  >\n\t\t\t\t\t<div class=\"icon-box-img\" style=\"width: 160px\">\n\t\t\t\t<div class=\"icon\">\n\t\t\t\t\t<div class=\"icon-inner\" >\n\t\t\t\t\t\t<img decoding=\"async\" width=\"501\" height=\"291\" src=\"https:\/\/kurumsalhediyeci.com\/wp-content\/uploads\/2024\/12\/kuveyt-turk.png\" class=\"attachment-medium size-medium\" alt=\"\" srcset=\"https:\/\/kurumsalhediyeci.com\/wp-content\/uploads\/2024\/12\/kuveyt-turk.png 501w, https:\/\/kurumsalhediyeci.com\/wp-content\/uploads\/2024\/12\/kuveyt-turk-300x174.png 300w\" sizes=\"(max-width: 501px) 100vw, 501px\" title=\"\">\t\t\t\t\t<\/div>\n\t\t\t\t<\/div>\n\t\t\t<\/div>\n\t\t\t\t<div class=\"icon-box-text last-reset\">\n\t\t\t\t\t\t\t\t\t\n\n\t<div id=\"text-3218984208\" class=\"text\">\n\t\t\n\n<p class=\"alt-font\">Kuveyt Turk &#8211; <strong>EUR<\/strong><\/p>\n\t\t\n<style>\n#text-3218984208 {\n  font-size: 1rem;\n}\n@media (min-width:850px) {\n  #text-3218984208 {\n    font-size: 1.25rem;\n  }\n}\n<\/style>\n\t<\/div>\n\t\n\t<div id=\"gap-72058527\" class=\"gap-element clearfix\" style=\"display:block; height:auto;\">\n\t\t\n<style>\n#gap-72058527 {\n  padding-top: 10px;\n}\n<\/style>\n\t<\/div>\n\t\n\n\t<div id=\"text-2368712306\" class=\"text\">\n\t\t\n\n<p class=\"alt-font\"><strong>TR51 0020 5000 0952 8634 4001 02<\/strong><\/p>\n<p class=\"alt-font\"><strong>KTEFRIS<\/strong><\/p>\n\t\t\n<style>\n#text-2368712306 {\n  font-size: 1rem;\n}\n@media (min-width:850px) {\n  #text-2368712306 {\n    font-size: 1rem;\n  }\n}\n<\/style>\n\t<\/div>\n\t\n\n\t\t<\/div>\n\t<\/div>\n\t\n\t\n\n\t\t<\/div>\n\t\t\t\t\t<\/div>\n\n\t\n\n\n<style>\n#row-365553133 > .col > .col-inner {\n  padding: 30px 20px 30px 20px;\n  border-radius: 5px;\n}\n@media (min-width:850px) {\n  #row-365553133 > .col > .col-inner {\n    padding: 70px 40px 70px 40px;\n  }\n}\n<\/style>\n<\/div>\n\n\t\t<\/div>\n\n\t\t\n<style>\n#section_232852935 {\n  padding-top: 40px;\n  padding-bottom: 40px;\n}\n@media (min-width:550px) {\n  #section_232852935 {\n    padding-top: 70px;\n    padding-bottom: 70px;\n  }\n}\n<\/style>\n\t<\/section>\n\t\n\n","protected":false},"excerpt":{"rendered":"","protected":false},"author":67,"featured_media":0,"parent":0,"menu_order":0,"comment_status":"closed","ping_status":"closed","template":"","meta":{"footnotes":""},"class_list":["post-1610","page","type-page","status-publish","hentry"],"_links":{"self":[{"href":"https:\/\/kurumsalhediyeci.com\/en\/wp-json\/wp\/v2\/pages\/1610","targetHints":{"allow":["GET"]}}],"collection":[{"href":"https:\/\/kurumsalhediyeci.com\/en\/wp-json\/wp\/v2\/pages"}],"about":[{"href":"https:\/\/kurumsalhediyeci.com\/en\/wp-json\/wp\/v2\/types\/page"}],"author":[{"embeddable":true,"href":"https:\/\/kurumsalhediyeci.com\/en\/wp-json\/wp\/v2\/users\/67"}],"replies":[{"embeddable":true,"href":"https:\/\/kurumsalhediyeci.com\/en\/wp-json\/wp\/v2\/comments?post=1610"}],"version-history":[{"count":0,"href":"https:\/\/kurumsalhediyeci.com\/en\/wp-json\/wp\/v2\/pages\/1610\/revisions"}],"wp:attachment":[{"href":"https:\/\/kurumsalhediyeci.com\/en\/wp-json\/wp\/v2\/media?parent=1610"}],"curies":[{"name":"wp","href":"https:\/\/api.w.org\/{rel}","templated":true}]}}